{"id":6751,"date":"2024-02-11T22:57:43","date_gmt":"2024-02-11T22:57:43","guid":{"rendered":"https:\/\/bcn.globalcruiseports.com\/transportation\/"},"modified":"2026-02-17T14:18:18","modified_gmt":"2026-02-17T14:18:18","slug":"transporte","status":"publish","type":"page","link":"https:\/\/bcncruiseport.com\/es\/transporte\/","title":{"rendered":"Transporte"},"content":{"rendered":"\r\n\r\n<section class=\"section page page-bg-light  \">\r\n\t<style>\r\n                .page-header-bg {\r\n                    background-image: url(https:\/\/bcncruiseport.com\/wp-content\/uploads\/sites\/46\/2025\/05\/Group-216991.png);\r\n                    background-size: cover;\r\n                    background-position: center;\r\n                }\r\n\t\t\t\t.hero-content{\r\n\t\t\t\t    top: 50%;\r\n    \t\t\t\tposition: absolute;\r\n    \t\t\t\ttransform: translateY(-50%);\r\n\t\t\t\t}\r\n              <\/style><div class=\"page-header-bg pr\">\t<div class=\"container w100\">\r\n\t\t<div class=\"row flex hero-content\">\r\n\t\t\t<div class=\"cl-12 page-header\">\r\n\t\t\t\t<h5>Transporte<\/h5>\r\n\t\t\t\t<h1>Transporte<\/h1>\r\n\t\t\t<\/div>\r\n\t\t<\/div>\r\n\t<\/div>\r\n\t<\/div>\r\n<\/section>\r\n\r\n<section class=\"section\">\r\n\t<div class=\"schedule-container\">\r\n\t\t<div class=\"container\">\r\n\t\t\t<div class=\"row flex align-i-center justify-c-center\">\r\n\t\t\t\t<div class=\"cl-12\">\r\n\t\t\t\t\t<div class=\"\">\r\n\t\t\t\t\t\t<div class=\"row flex page-sub-menu\">\r\n\t\t\t\t\t\t\t<div class=\"cl-12\">\r\n\t\t\t\t\t\t\t\t<nav class=\"menu-class\"><ul id=\"menu-transportation-parking\" class=\"menu flex align-i-center justify-c-center\"><li id=\"menu-item-1043\" class=\"menu-item menu-item-type-post_type menu-item-object-page menu-item-1043\"><a href=\"https:\/\/bcncruiseport.com\/transportation\/\">Transporte<\/a><\/li>\n<li id=\"menu-item-1044\" class=\"menu-item menu-item-type-post_type menu-item-object-page menu-item-1044\"><a href=\"https:\/\/bcncruiseport.com\/parking\/\">Aparcamiento<\/a><\/li>\n<\/ul><\/nav>\t\t\t\t\t\t\t<\/div>\r\n\t\t\t\t\t\t<\/div>\r\n\t\t\t\t\t\t<div class=\"row flex align-i-center\">\r\n\t\t\t\t\t\t\t<div class=\"cl-5\">\r\n\t\t\t\t\t\t\t\t<h2>\r\n\t\t\t\t\t\t\t\t\tTu aventura \t\t\t\t\t\t\t\t\t<br>\r\n\t\t\t\t\t\t\t\t\t<span class=\"primary-color\">comienza aqu\u00ed<\/span>\r\n\t\t\t\t\t\t\t\t<\/h2>\r\n\t\t\t\t\t\t\t<\/div>\r\n\t\t\t\t\t\t\t<div class=\"cl-7\">\r\n\t\t\t\t\t\t\t\t<p class=\"grey-color\">\u00a1Llegar a Barcelona y salir de la ciudad es muy f\u00e1cil! Ya sea en coche, transporte p\u00fablico u otro medio, encontrar\u00e1s opciones de viaje c\u00f3modas y abundante aparcamiento para garantizar un trayecto sin complicaciones.<\/p>\r\n\t\t\t\t\t\t\t<\/div>\r\n\t\t\t\t\t\t<\/div>\r\n\t\t\t\t\t\t<div class=\"row flex transportation-route-wrapper align-i-center\">\r\n\t\t\t\t\t\t\t<div class=\"cl-4\">\r\n\t\t\t\t\t\t\t\t<h3>Haz tuya la ciudad<\/h3>\r\n\t\t\t\t\t\t\t\t<p>\u00a1Empieza tu recorrido por la ciudad! Ya sea que te dirijas al puerto o regreses desde \u00e9l, mu\u00e9vete con facilidad. Explora la ciudad y descubre todo lo que tiene para ofrecer, con indicaciones claras que te ayudar\u00e1n a ir y volver sin complicaciones.<\/p>\r\n\r\n\t\t\t\t\t\t\t\t\t\t\t\t\t\t\t\t\t<div class=\"route-form\">\r\n\t\t\t\t\t\t\t\t\t\t<div class=\"route-select start-container\">\r\n\t\t\t\t\t\t\t\t\t\t\t<label>INICIO<\/label>\r\n\t\t\t\t\t\t\t\t\t\t\t<div class=\"input-container\">\r\n\t\t\t\t\t\t\t\t\t\t\t\t<select class=\"ns2\">\r\n\t\t\t\t\t\t\t\t\t\t\t\t\t<option value=\"Barcelona Cruise Port\">Barcelona Cruise Port<\/option>\r\n\t\t\t\t\t\t\t\t\t\t\t\t<\/select>\r\n\t\t\t\t\t\t\t\t\t\t\t<\/div>\r\n\r\n\t\t\t\t\t\t\t\t\t\t<\/div>\r\n\t\t\t\t\t\t\t\t\t\t<div class=\"route-switch-row\">\r\n\t\t\t\t\t\t\t\t\t\t\t<span class=\"route-switch primary-bg-color\" onclick=\"switchInputs()\">\r\n\t\t\t\t\t\t\t\t\t\t\t\t<svg xmlns=\"http:\/\/www.w3.org\/2000\/svg\" width=\"10.494\" height=\"13.43\"\r\n\t\t\t\t\t\t\t\t\t\t\t\t\tviewBox=\"0 0 10.494 13.43\">\r\n\t\t\t\t\t\t\t\t\t\t\t\t\t<path id=\"Icon_awesome-exchange-alt\"\r\n\t\t\t\t\t\t\t\t\t\t\t\t\t\tdata-name=\"Icon awesome-exchange-alt\"\r\n\t\t\t\t\t\t\t\t\t\t\t\t\t\td=\"M0,2.939v-.42a.63.63,0,0,1,.63-.63h9.443V.63A.63.63,0,0,1,11.147.185l2.1,2.1a.63.63,0,0,1,0,.89l-2.1,2.1a.63.63,0,0,1-1.075-.445V3.568H.63A.63.63,0,0,1,0,2.939ZM12.8,6.926H3.358V5.667a.63.63,0,0,0-1.075-.445l-2.1,2.1a.63.63,0,0,0,0,.89l2.1,2.1a.63.63,0,0,0,1.075-.445V8.6H12.8a.63.63,0,0,0,.63-.63v-.42A.63.63,0,0,0,12.8,6.926Z\"\r\n\t\t\t\t\t\t\t\t\t\t\t\t\t\ttransform=\"translate(10.494) rotate(90)\" fill=\"#fff\"><\/path>\r\n\t\t\t\t\t\t\t\t\t\t\t\t<\/svg>\r\n\t\t\t\t\t\t\t\t\t\t\t<\/span>\r\n\t\t\t\t\t\t\t\t\t\t<\/div>\r\n\t\t\t\t\t\t\t\t\t\t<div class=\"route-select finish-container\">\r\n\t\t\t\t\t\t\t\t\t\t\t<label>FIN<\/label>\r\n\t\t\t\t\t\t\t\t\t\t\t<div class=\"input-container\">\r\n\t\t\t\t\t\t\t\t\t\t\t\t<input type=\"text\" class=\"transportation-text\" placeholder=\"\">\r\n\t\t\t\t\t\t\t\t\t\t\t<\/div>\r\n\r\n\t\t\t\t\t\t\t\t\t\t<\/div>\r\n\t\t\t\t\t\t\t\t\t\t<div class=\"route-draw\">\r\n\t\t\t\t\t\t\t\t\t\t\t<span class=\"primary-color\" onclick=\"drawRoutePage1()\" style=\"cursor:pointer\">\r\n\t\t\t\t\t\t\t\t\t\t\t\tTRAZAR RUTA\t\t\t\t\t\t\t\t\t\t\t\t<svg xmlns=\"http:\/\/www.w3.org\/2000\/svg\" width=\"12.828\" height=\"12.829\"\r\n\t\t\t\t\t\t\t\t\t\t\t\t\tviewBox=\"0 0 12.828 12.829\" class=\"primary-stroke\">\r\n\t\t\t\t\t\t\t\t\t\t\t\t\t<g id=\"Icon_feather-arrow-up-right\"\r\n\t\t\t\t\t\t\t\t\t\t\t\t\t\tdata-name=\"Icon feather-arrow-up-right\"\r\n\t\t\t\t\t\t\t\t\t\t\t\t\t\ttransform=\"translate(-9.086 -9.086)\">\r\n\t\t\t\t\t\t\t\t\t\t\t\t\t\t<path id=\"Path_3\" data-name=\"Path 3\" d=\"M10.5,20.5l10-10\"\r\n\t\t\t\t\t\t\t\t\t\t\t\t\t\t\tfill=\"none\" class=\"primary-stroke\" stroke-linecap=\"round\"\r\n\t\t\t\t\t\t\t\t\t\t\t\t\t\t\tstroke-linejoin=\"round\" stroke-width=\"2\"><\/path>\r\n\t\t\t\t\t\t\t\t\t\t\t\t\t\t<path id=\"Path_4\" data-name=\"Path 4\" d=\"M10.5,10.5h10v10\"\r\n\t\t\t\t\t\t\t\t\t\t\t\t\t\t\tfill=\"none\" class=\"primary-stroke\" stroke-linecap=\"round\"\r\n\t\t\t\t\t\t\t\t\t\t\t\t\t\t\tstroke-linejoin=\"round\" stroke-width=\"2\"><\/path>\r\n\t\t\t\t\t\t\t\t\t\t\t\t\t<\/g>\r\n\t\t\t\t\t\t\t\t\t\t\t\t<\/svg>\r\n\t\t\t\t\t\t\t\t\t\t\t<\/span>\r\n\t\t\t\t\t\t\t\t\t\t<\/div>\r\n\t\t\t\t\t\t\t\t\t<\/div>\r\n\t\t\t\t\t\t\t\t\r\n\r\n\r\n\r\n\r\n\t\t\t\t\t\t\t<\/div>\r\n\t\t\t\t\t\t\t<div class=\"cl-7 offset-1\">\r\n\t\t\t\t\t\t\t\t<img decoding=\"async\" src=\"https:\/\/bcncruiseport.com\/wp-content\/uploads\/sites\/46\/2024\/04\/transportation-route.jpg\" class=\"w100\" alt=\"\" \/>\r\n\t\t\t\t\t\t\t<\/div>\r\n\t\t\t\t\t\t<\/div>\r\n\t\t\t\t\t<\/div>\r\n\t\t\t\t<\/div>\r\n\t\t\t<\/div>\r\n\t\t<\/div>\r\n\t<\/div>\r\n<\/section>\r\n\r\n<script>\r\n  window.countryCode = \"ES\";\r\n<\/script>\r\n\r\n<script>\r\n\tfunction switchInputs1() {\r\n\t\tconst startContainer = document.getElementById(\"startContainerUnique\");\r\n\t\tconst finishContainer = document.getElementById(\"finishContainerUnique\");\r\n\r\n\t\t\/\/ `startContainer` ve `finishContainer` \u00f6\u011felerinin yerlerini de\u011fi\u015ftirin\r\n\t\tconst temp = document.createElement(\"div\");\r\n\t\tstartContainer.parentNode.insertBefore(temp, startContainer);\r\n\t\tfinishContainer.parentNode.insertBefore(startContainer, finishContainer);\r\n\t\ttemp.parentNode.insertBefore(finishContainer, temp);\r\n\t\ttemp.remove();\r\n\t}\r\n<\/script>\r\n\r\n\r\n<style>\r\n\t.ns2 {\r\n\t\t\/* Genel g\u00f6r\u00fcn\u00fcm ayarlar\u0131 *\/\r\n\t\tappearance: none;\r\n\t\t\/* Taray\u0131c\u0131 varsay\u0131lan okunu kald\u0131r\u0131r *\/\r\n\t\t-webkit-appearance: none;\r\n\t\t\/* Safari uyumu i\u00e7in *\/\r\n\t\t-moz-appearance: none;\r\n\t\t\/* Firefox uyumu i\u00e7in *\/\r\n\t\tbackground-image: url(data:image\/svg+xml;charset=US-ASCII,%3Csvg%20xmlns%3D%22http%3A%2F%2Fwww.w3.org%2F2000%2Fsvg%22%20width%3D%22292.4%22%20height%3D%22292.4%22%3E%3Cpath%20fill%3D%22%23131313%22%20d%3D%22M287%2069.4a17.6%2017.6%200%200%200-13-5.4H18.4c-5%200-9.3%201.8-12.9%205.4A17.6%2017.6%200%200%200%200%2082.2c0%205%201.8%209.3%205.4%2012.9l128%20127.9c3.6%203.6%207.8%205.4%2012.8%205.4s9.2-1.8%2012.8-5.4L287%2095c3.5-3.5%205.4-7.8%205.4-12.8%200-5-1.9-9.2-5.5-12.8z%22%2F%3E%3C%2Fsvg%3E);\r\n\t\tbackground-repeat: no-repeat;\r\n\t\tbackground-position: right 0.7rem top 50%;\r\n\t\tbackground-size: 0.65rem auto;\r\n\t}\r\n<\/style>\n\n\r\n<style>\r\n\t.section-travel-options .page-header-bg {\r\n\t\tbackground-image: url(4061);\r\n\t}\r\n<\/style>\r\n\r\n<section class=\"section section-travel-options page page-bg-light \"\r\n\tid=\"transportation-options\">\r\n\t<div class=\"page-header-bg flex align-i-start justify-c-start\">\r\n\t\t<div class=\"container w100\">\r\n\t\t\t<div class=\"row flex\">\r\n\t\t\t\t<div class=\"cl-12 page-header\">\r\n\t\t\t\t\t<h1>Planea tu viaje<\/h1>\r\n\t\t\t\t\t<p>\u00a1Explora todas las formas de disfrutar de todo lo que Barcelona tiene para ofrecer! Desde taxis y transporte p\u00fablico hasta opciones de alquiler, hay muchas maneras de moverse y descubrir sus encantos.<\/p>\r\n\t\t\t\t<\/div>\r\n\t\t\t<\/div>\r\n\t\t<\/div>\r\n\t<\/div>\r\n\t<div class=\"page-content-wrapper\">\r\n\t\t<div class=\"container\">\r\n\t\t\t<div class=\"row flex align-i-center justify-c-center\">\r\n\t\t\t\t<div class=\"cl-10\">\r\n\t\t\t\t\t<div class=\"page-bg-white\">\r\n\t\t\t\t\t\t<div class=\"row flex flex-col travel-options-content\" id=\"terminal-location\">\r\n\t\t\t\t\t\t\t<div class=\"map-title\">\r\n\t\t\t\t\t\t\t\tOpciones de transporte\t\t\t\t\t\t\t<\/div>\r\n\r\n\t\t\t\t\t\t\t<div class=\"map-icons\">\r\n\t\t\t\t\t\t\t\t\t\t\t\t\t\t\t<\/div>\r\n\r\n\r\n\r\n\r\n\r\n\r\n\r\n\r\n\r\n\r\n\r\n\t\t\t\t\t\t\t<section class=\"travel-port\">\r\n\t\t\t\t\t\t\t\t<div class=\"container\">\r\n\t\t\t\t\t\t\t\t\t<div class=\"row flex page-content justify-c-center\">\r\n\t\t\t\t\t\t\t\t\t\t<div class=\"cl-12 posts-map-wrapper\">\r\n\t\t\t\t\t\t\t\t\t\t\t<div id=\"map\"><\/div>\r\n\t\t\t\t\t\t\t\t\t\t<\/div>\r\n\t\t\t\t\t\t\t\t\t<\/div>\r\n\t\t\t\t\t\t\t\t<\/div>\r\n\t\t\t\t\t\t\t<\/section>\r\n\t\t\t\t\t\t\t<style>\r\n\t\t\t\t\t\t\t\t.map-content a::after {\r\n\t\t\t\t\t\t\t\t\tdisplay: none;\r\n\t\t\t\t\t\t\t\t}\r\n\t\t\t\t\t\t\t<\/style>\r\n\t\t\t\t\t\t\t<div class=\"map-content\">\r\n\t\t\t\t\t\t\t\t<p data-prosemirror-content-type=\"node\" data-prosemirror-node-name=\"paragraph\" data-prosemirror-node-block=\"true\" data-pm-slice=\"1 1 []\"><strong data-prosemirror-content-type=\"mark\" data-prosemirror-mark-name=\"strong\">\u00bfC\u00f3mo llegar al puerto de cruceros desde el aeropuerto?<\/strong><\/p>\r\n<p data-prosemirror-content-type=\"node\" data-prosemirror-node-name=\"paragraph\" data-prosemirror-node-block=\"true\"><strong data-prosemirror-content-type=\"mark\" data-prosemirror-mark-name=\"strong\">Aerobus:<\/strong> sale cada cinco minutos desde el aeropuerto hasta Pla\u00e7a Catalunya. Desde all\u00ed, puede tomar el metro hasta Drassanes, cruzar el Paseo de Col\u00f3n y tomar el <em data-prosemirror-content-type=\"mark\" data-prosemirror-mark-name=\"em\">Cruise Bus<\/em> hasta la terminal correspondiente.<\/p>\r\n<p data-prosemirror-content-type=\"node\" data-prosemirror-node-name=\"paragraph\" data-prosemirror-node-block=\"true\"><strong data-prosemirror-content-type=\"mark\" data-prosemirror-mark-name=\"strong\">Metro (metro):<\/strong> hay una parada de metro en las dos terminales del aeropuerto de Barcelona. Puede tomar la l\u00ednea 9 a Collblanc, cambiar a la l\u00ednea 5 (direcci\u00f3n Vall D&#8217;Hebron), bajar en Sants Estaci\u00f3 y tomar la l\u00ednea 3 a Drassanes (direcci\u00f3n Trinitat Nova). Y despu\u00e9s, el autob\u00fas antes mencionado (<em data-prosemirror-content-type=\"mark\" data-prosemirror-mark-name=\"em\">Cruise Bus<\/em>).<\/p>\r\n<p data-prosemirror-content-type=\"node\" data-prosemirror-node-name=\"paragraph\" data-prosemirror-node-block=\"true\"><strong data-prosemirror-content-type=\"mark\" data-prosemirror-mark-name=\"strong\">Tren:<\/strong> El tren se toma del aeropuerto a Sants Estaci\u00f3, l\u00ednea 3 a Drassanes (direcci\u00f3n Trinitat Nova) y luego, repita la operaci\u00f3n (<em data-prosemirror-content-type=\"mark\" data-prosemirror-mark-name=\"em\">Cruise Bus<\/em>).<\/p>\r\n<p data-prosemirror-content-type=\"node\" data-prosemirror-node-name=\"paragraph\" data-prosemirror-node-block=\"true\"><strong data-prosemirror-content-type=\"mark\" data-prosemirror-mark-name=\"strong\">Taxi:<\/strong> Cuesta 39 euros y tiene tarifa plana. Si se solicita de antemano, es posible obtener un veh\u00edculo con capacidad para seis personas.<\/p>\r\n<strong>Al Aeropuerto:<\/strong>\r\n<strong>Coche\/Taxi:<\/strong> 20 min.\r\n<strong>Transporte P\u00fablico (metro\/autob\u00fas)<\/strong>: 1h.\r\n\r\n<strong>Al Centro ciudad:<\/strong>\r\n<strong>A pie<\/strong>: 30 min.\r\n<strong>Transporte P\u00fablico (metro\/autob\u00fas)<\/strong>: 20 min.\r\n<strong>Taxi<\/strong>: 15 min.\r\n\r\n<strong>A Montserrat:<\/strong>\r\n<strong>Coche\/Taxi<\/strong>: 1h.\r\n<strong>Transporte P\u00fablico (metro\/tren\/autob\u00fas)<\/strong>: 2h.\r\n\r\n* Tiempo estimado.\t\t\t\t\t\t\t<\/div>\r\n\t\t\t\t\t\t<\/div>\r\n\t\t\t\t\t<\/div>\r\n\t\t\t\t<\/div>\r\n\t\t\t<\/div>\r\n\t\t<\/div>\r\n\t<\/div>\r\n<\/section>\r\n\r\n\r\n<script>\r\n\tfunction initMap() {\r\n\t\tconst markers = [\r\n\t\t\t\t\t];\r\n\r\n\t\tconst map = new google.maps.Map(document.getElementById('map'), {\r\n\t\t\tzoom: 15,\r\n\t\t\tcenter: {\r\n\t\t\t\tlat: 41.38795096837714,\r\n\t\t\t\tlng: 2.166620060795123\t\t\t},\r\n\t\t\tmapTypeControl: false,\r\n\t\t\tstreetViewControl: false,\r\n\t\t\tfullscreenControl: false\r\n\t\t});\r\n\r\n\t\t\/\/ Marker'lar\u0131 haritaya yerle\u015ftir\r\n\t\tmarkers.forEach(markerInfo => {\r\n\t\t\tconst marker = new google.maps.Marker({\r\n\t\t\t\tposition: markerInfo.position,\r\n\t\t\t\tmap: map,\r\n\t\t\t\ttitle: markerInfo.title,\r\n\t\t\t\ticon: markerInfo.icon\r\n\t\t\t});\r\n\r\n\t\t\tconst infoWindow = new google.maps.InfoWindow();\r\n\r\n\t\t\tmarker.addListener('click', function () {\r\n\t\t\t\tinfoWindow.setContent(markerInfo.content);\r\n\t\t\t\tinfoWindow.open(map, marker);\r\n\t\t\t});\r\n\t\t});\r\n\t}\r\n<\/script>\r\n\r\n<!-- Google Maps API \u00e7a\u011fr\u0131s\u0131 - defer ile ve do\u011fru callback -->\r\n<script\r\n\tsrc=\"https:\/\/maps.googleapis.com\/maps\/api\/js?key=AIzaSyAiy3-Ce7Evc5Jf0Kmi9ao8kE4I8tGL1xs&#038;libraries=places&#038;callback=initMap\"\r\n\tdefer>\r\n\t<\/script>\r\n\r\n\r\n<style>\r\n\t.posts-map-wrapper #map {\r\n\t\theight: 26.25rem;\r\n\t}\r\n\r\n\t.custom-info-window h3 {\r\n\t\tmargin-bottom: 0;\r\n\t}\r\n\r\n\t.posts-map-view-wrapper {\r\n\t\tmargin-left: -1rem;\r\n\t}\r\n\t#terminal-location ul{\r\n\t\tlist-style-type: disc;\r\n\t\tpadding-left: 1.5rem;\r\n\t\tpadding-top: 0.4rem;\r\n\t\tcolor: #707070;\r\n\t}\r\n<\/style>\n\n\r\n<section class=\"section section-accordion section-tips-acc \">\r\n\t<div class=\"container\">\r\n\t\t<div class=\"row flex section-header\">\r\n\t\t\t<div class=\"cl-4\">\r\n\t\t\t\t<h2>\r\n\t\t\t\t\tConsejos de viaje\t\t\t\t\t<br>\r\n\t\t\t\t\t<span class=\"primary-color\">para Barcelona<\/span>\r\n\t\t\t\t<\/h2>\r\n\t\t\t<\/div>\r\n\t\t\t<div class=\"cl-7 offset-1\">\r\n\t\t\t\t<p class=\"grey-color\">\u00bfListo para visitar Barcelona?\r\nAqu\u00ed tienes algunos consejos que todo viajero que visita Barcelona por primera vez deber\u00eda conocer:<\/p>\r\n\t\t\t<\/div>\r\n\t\t<\/div>\r\n\t\t<div class=\"row flex section-accoridon-content accordion\">\r\n\t\t\t<div class=\"cl-4 accordion-left\">\r\n\t\t\t\t\t\t\t\t\t<div class=\"accordion-header active\">\r\n\t\t\t\t\t<span>\u00bfQu\u00e9 ocurre si mi viaje se retrasa o se cancela?<\/span>\r\n\t\t\t\t\t\t<div class=\"hide-mobile accordion-right\">\r\n\t\t\t\t\t\t\t<div class=\"travel-tips-accordion-content accordion-content mobile-accordion-content active\">\r\n\t\t\t\t\t\t\t\tP\u00f3ngase en contacto con su compa\u00f1\u00eda naviera para obtener m\u00e1s informaci\u00f3n sobre los pasos a seguir.\t\t\t\t\t\t\t<\/div>\r\n\t\t\t\t\t\t<\/div>\r\n\t\t\t\t\t<\/div>\r\n\t\t\t\t\t\t\t\t\t<div class=\"accordion-header \">\r\n\t\t\t\t\t<span>\u00bfQu\u00e9 ocurre si se pierden nuestras maletas?<\/span>\r\n\t\t\t\t\t\t<div class=\"hide-mobile accordion-right\">\r\n\t\t\t\t\t\t\t<div class=\"travel-tips-accordion-content accordion-content mobile-accordion-content \">\r\n\t\t\t\t\t\t\t\tP\u00f3ngase en contacto con su compa\u00f1\u00eda naviera para obtener m\u00e1s informaci\u00f3n sobre los pasos a seguir.\t\t\t\t\t\t\t<\/div>\r\n\t\t\t\t\t\t<\/div>\r\n\t\t\t\t\t<\/div>\r\n\t\t\t\t\t\t\t\t\t<div class=\"accordion-header \">\r\n\t\t\t\t\t<span>\u00bfC\u00f3mo puedo cambiar mi reserva de aparcamiento?<\/span>\r\n\t\t\t\t\t\t<div class=\"hide-mobile accordion-right\">\r\n\t\t\t\t\t\t\t<div class=\"travel-tips-accordion-content accordion-content mobile-accordion-content \">\r\n\t\t\t\t\t\t\t\tEl aparcamiento situado debajo del WTC se gestiona manualmente a la llegada, no hay otras opciones de aparcamiento en nuestras terminales.\t\t\t\t\t\t\t<\/div>\r\n\t\t\t\t\t\t<\/div>\r\n\t\t\t\t\t<\/div>\r\n\t\t\t\t\t\t\t\t\t<div class=\"accordion-header \">\r\n\t\t\t\t\t<span>\u00bfCu\u00e1l es la mejor manera de llegar desde el puerto de cruceros de Barcelona al centro de la ciudad?<\/span>\r\n\t\t\t\t\t\t<div class=\"hide-mobile accordion-right\">\r\n\t\t\t\t\t\t\t<div class=\"travel-tips-accordion-content accordion-content mobile-accordion-content \">\r\n\t\t\t\t\t\t\t\tPuede tomar el Cruise Bus, que le llevar\u00e1 directamente desde las terminales al centro de la ciudad.\t\t\t\t\t\t\t<\/div>\r\n\t\t\t\t\t\t<\/div>\r\n\t\t\t\t\t<\/div>\r\n\t\t\t\t\t\t\t\t\t<div class=\"accordion-header \">\r\n\t\t\t\t\t<span>\u00bfCu\u00e1ndo es la mejor \u00e9poca para visitar Barcelona?<\/span>\r\n\t\t\t\t\t\t<div class=\"hide-mobile accordion-right\">\r\n\t\t\t\t\t\t\t<div class=\"travel-tips-accordion-content accordion-content mobile-accordion-content \">\r\n\t\t\t\t\t\t\t\tBarcelona es acogedora durante todo el a\u00f1o. Para evitar la temporada alta, puede planificar su visita en primavera u oto\u00f1o, cuando el clima tambi\u00e9n es m\u00e1s agradable\t\t\t\t\t\t\t<\/div>\r\n\t\t\t\t\t\t<\/div>\r\n\t\t\t\t\t<\/div>\r\n\t\t\t\t\t\t\t<\/div>\r\n\t\t\t<div class=\"cl-7 offset-1 accordion-right hide-desktop\">\r\n\t\t\t\t\t\t\t\t\t<div class=\"travel-tips-accordion-content accordion-content desktop-accordion-content active\">\r\n\t\t\t\t\t\tP\u00f3ngase en contacto con su compa\u00f1\u00eda naviera para obtener m\u00e1s informaci\u00f3n sobre los pasos a seguir.\t\t\t\t\t<\/div>\r\n\t\t\t\t\t\t\t\t\t<div class=\"travel-tips-accordion-content accordion-content desktop-accordion-content \">\r\n\t\t\t\t\t\tP\u00f3ngase en contacto con su compa\u00f1\u00eda naviera para obtener m\u00e1s informaci\u00f3n sobre los pasos a seguir.\t\t\t\t\t<\/div>\r\n\t\t\t\t\t\t\t\t\t<div class=\"travel-tips-accordion-content accordion-content desktop-accordion-content \">\r\n\t\t\t\t\t\tEl aparcamiento situado debajo del WTC se gestiona manualmente a la llegada, no hay otras opciones de aparcamiento en nuestras terminales.\t\t\t\t\t<\/div>\r\n\t\t\t\t\t\t\t\t\t<div class=\"travel-tips-accordion-content accordion-content desktop-accordion-content \">\r\n\t\t\t\t\t\tPuede tomar el Cruise Bus, que le llevar\u00e1 directamente desde las terminales al centro de la ciudad.\t\t\t\t\t<\/div>\r\n\t\t\t\t\t\t\t\t\t<div class=\"travel-tips-accordion-content accordion-content desktop-accordion-content \">\r\n\t\t\t\t\t\tBarcelona es acogedora durante todo el a\u00f1o. Para evitar la temporada alta, puede planificar su visita en primavera u oto\u00f1o, cuando el clima tambi\u00e9n es m\u00e1s agradable\t\t\t\t\t<\/div>\r\n\t\t\t\t\t\t\t<\/div>\r\n\t\t<\/div>\r\n\t<\/div>\r\n<\/section>","protected":false},"excerpt":{"rendered":"","protected":false},"author":1,"featured_media":0,"parent":0,"menu_order":77,"comment_status":"closed","ping_status":"closed","template":"","meta":{"_acf_changed":false,"footnotes":""},"class_list":["post-6751","page","type-page","status-publish","hentry"],"acf":[],"_links":{"self":[{"href":"https:\/\/bcncruiseport.com\/es\/wp-json\/wp\/v2\/pages\/6751","targetHints":{"allow":["GET"]}}],"collection":[{"href":"https:\/\/bcncruiseport.com\/es\/wp-json\/wp\/v2\/pages"}],"about":[{"href":"https:\/\/bcncruiseport.com\/es\/wp-json\/wp\/v2\/types\/page"}],"author":[{"embeddable":true,"href":"https:\/\/bcncruiseport.com\/es\/wp-json\/wp\/v2\/users\/1"}],"replies":[{"embeddable":true,"href":"https:\/\/bcncruiseport.com\/es\/wp-json\/wp\/v2\/comments?post=6751"}],"version-history":[{"count":16,"href":"https:\/\/bcncruiseport.com\/es\/wp-json\/wp\/v2\/pages\/6751\/revisions"}],"predecessor-version":[{"id":11371,"href":"https:\/\/bcncruiseport.com\/es\/wp-json\/wp\/v2\/pages\/6751\/revisions\/11371"}],"wp:attachment":[{"href":"https:\/\/bcncruiseport.com\/es\/wp-json\/wp\/v2\/media?parent=6751"}],"curies":[{"name":"wp","href":"https:\/\/api.w.org\/{rel}","templated":true}]}}