{"id":6749,"date":"2024-02-12T08:51:37","date_gmt":"2024-02-12T08:51:37","guid":{"rendered":"https:\/\/bcn.globalcruiseports.com\/term-of-use\/"},"modified":"2025-10-13T07:11:04","modified_gmt":"2025-10-13T07:11:04","slug":"condiciones-de-uso","status":"publish","type":"page","link":"https:\/\/bcncruiseport.com\/es\/condiciones-de-uso\/","title":{"rendered":"Condiciones de Uso"},"content":{"rendered":"\r\n<section class=\"section page page-policy footer-space-mr \">\r\n\t<div class=\"container\">\r\n\t    <div class=\"row flex align-i-end\">\r\n        <div class=\"cl-5 page-header\">\r\n            <h5>Condiciones de Uso<\/h5>\r\n            <h1>\r\n                Condiciones <br \/>\r\n                <span class=\"primary-color\">de Uso<\/span>\r\n            <\/h1>\r\n        <\/div>\r\n        <div class=\"cl-7 page-description\">\r\n            Las presentes Condiciones de uso (en adelante, las \"Condiciones\") regulan el acceso y el uso del sitio web https:\/\/www.bcncruiseport.com\/ (el \"Sitio web\") y los servicios prestados por Global Ports Holding Limited y sus filiales que operan en Barcelona (en conjunto, el \"PROVEEDOR\", \"nosotros\", \"nos\" o \"nuestro\").        <\/div>\r\n    <\/div>\r\n\t\t<div class=\"row flex page-sub-menu\">\r\n\t\t\t<div class=\"cl-12\">\r\n\t\t\t\t<ul class=\"flex align-i-center justify-c-center\">\r\n\t\t\t\t\t<li id=\"menu-item-7376\" class=\"menu-item menu-item-type-post_type menu-item-object-page menu-item-7376\"><a href=\"https:\/\/bcncruiseport.com\/es\/politica-de-privacidad\/\">Pol\u00edtica de Privacidad<\/a><\/li>\n<li id=\"menu-item-7377\" class=\"menu-item menu-item-type-post_type menu-item-object-page menu-item-7377\"><a href=\"https:\/\/bcncruiseport.com\/es\/condiciones-de-uso\/\">Condiciones de Uso<\/a><\/li>\n<li id=\"menu-item-8518\" class=\"menu-item menu-item-type-post_type menu-item-object-page menu-item-8518\"><a href=\"https:\/\/bcncruiseport.com\/es\/informacion-legal\/\">Informaci\u00f3n Legal<\/a><\/li>\n<li id=\"menu-item-8517\" class=\"menu-item menu-item-type-post_type menu-item-object-page menu-item-8517\"><a href=\"https:\/\/bcncruiseport.com\/es\/politica-de-cookies\/\">Pol\u00edtica de cookies<\/a><\/li>\n\t\t\t\t<\/ul>\r\n\t\t\t<\/div>\r\n\t\t<\/div>\r\n\t\t<div class=\"row flex page-content justify-c-center\">\r\n\t\t\t<div class=\"cl-10 text-justify\">\r\n\t\t\t\t<b>CONDICIONES DE USO<\/b>\r\n\r\n<b>1. INTRODUCCI\u00d3N<\/b>\r\n\r\n<span style=\"font-weight: 400;\">Las presentes <\/span><b>Condiciones de uso<\/b><span style=\"font-weight: 400;\"> (en adelante, las <\/span><b>\"Condiciones\"<\/b><span style=\"font-weight: 400;\">) regulan el acceso y el uso del sitio <\/span><span style=\"font-weight: 400;\">web <strong><a href=\"https:\/\/www.bcncruiseport.com\/\">https:\/\/www.bcncruiseport.com\/<\/a><\/strong> (el <\/span><b>\"Sitio web\"<\/b><span style=\"font-weight: 400;\">) y los servicios prestados por <\/span><b>Global Ports Holding Limited<\/b><span style=\"font-weight: 400;\"> y sus filiales que operan en Barcelona (en conjunto, el <\/span><b>\"PROVEEDOR\", \"nosotros\", \"nos\" o \"nuestro\"<\/b><span style=\"font-weight: 400;\">).<\/span>\r\n\r\n<span style=\"font-weight: 400;\">Al acceder al Sitio web o utilizar nuestros servicios, usted (el \"USUARIO\") acepta quedar vinculado por estas Condiciones.<\/span>\r\n\r\n<span style=\"font-weight: 400;\">Al aceptar estas Condiciones, el USUARIO:<\/span>\r\n<ul>\r\n \t<li style=\"font-weight: 400;\" aria-level=\"1\"><b>Confirma<\/b><span style=\"font-weight: 400;\"> que ha le\u00eddo, comprendido y aceptado estas Condiciones.<\/span><\/li>\r\n \t<li style=\"font-weight: 400;\" aria-level=\"1\"><b>Declara<\/b><span style=\"font-weight: 400;\"> que tiene capacidad legal para celebrar contratos de conformidad con el C\u00f3digo Civil espa\u00f1ol.<\/span><\/li>\r\n \t<li style=\"font-weight: 400;\" aria-level=\"1\"><b>Asume<\/b><span style=\"font-weight: 400;\"> todas las obligaciones y responsabilidades establecidas en el presente documento.<\/span><\/li>\r\n<\/ul>\r\n&nbsp;\r\n\r\n<span style=\"font-weight: 400;\">Las presentes Condiciones tienen vigencia indefinida y se aplican a todas las interacciones con el Sitio web, salvo que el PROVEEDOR indique lo contrario.<\/span>\r\n\r\n<span style=\"font-weight: 400;\">El PROVEEDOR se reserva el derecho de modificar las presentes Condiciones de forma unilateral en cualquier momento, siempre que dichos cambios no afecten retroactivamente a los servicios o acuerdos ya ejecutados. Cualquier modificaci\u00f3n se comunicar\u00e1 a trav\u00e9s del sitio web u otros canales apropiados, de conformidad con los art\u00edculos 97 a 99 de la Ley General para la Defensa de los Consumidores y Usuarios (Real Decreto Legislativo 1\/2007) y las disposiciones pertinentes de la Ley 34\/2002, de Servicios de la Sociedad de la Informaci\u00f3n y de Comercio Electr\u00f3nico (LSSI-CE).<\/span>\r\n\r\n&nbsp;\r\n\r\n<b>2. PARTES DEL ACUERDO<\/b>\r\n\r\n<span style=\"font-weight: 400;\">Las partes contratantes de las presentes Condiciones son:<\/span>\r\n<ul>\r\n \t<li style=\"font-weight: 400;\" aria-level=\"1\"><b>El PROVEEDOR: <\/b><span style=\"font-weight: 400;\">Global Ports Holding Limited, sociedad registrada en Inglaterra y Gales con domicilio social en 35 Albemarle Street, 3rd Floor, W1S 4JD, Londres (Reino Unido), y oficinas operativas en Barcelona Cruise Port, Moll Adossat, S\/N, 08039 Barcelona (Espa\u00f1a).<\/span><\/li>\r\n \t<li style=\"font-weight: 400;\" aria-level=\"1\"><b>El USUARIO<\/b><span style=\"font-weight: 400;\">: Cualquier persona f\u00edsica que acceda al Sitio Web o utilice los servicios, responsable de garantizar la veracidad y exactitud de toda la informaci\u00f3n facilitada durante sus interacciones con el PROVEEDOR.<\/span><\/li>\r\n<\/ul>\r\n&nbsp;\r\n\r\n<b>3. OBJETO DE LAS CONDICIONES<\/b>\r\n\r\n<span style=\"font-weight: 400;\">Las presentes Condiciones definen la relaci\u00f3n contractual entre el PROVEEDOR y el USUARIO, que surge cuando el USUARIO interact\u00faa con el PROVEEDOR a trav\u00e9s del Sitio web o en persona en el <\/span><b>Puerto de Cruceros de Barcelona<\/b><span style=\"font-weight: 400;\">. La relaci\u00f3n contractual consiste principalmente en la prestaci\u00f3n de servicios espec\u00edficos, tal y como se describe en el Sitio web, a cambio de las tarifas y condiciones que se muestran o se acuerdan de otro modo.<\/span>\r\n\r\n&nbsp;\r\n\r\n<b>Consideraciones importantes sobre el cumplimiento:<\/b>\r\n<ul>\r\n \t<li><b>Derechos del consumidor y pol\u00edticas de cancelaci\u00f3n<\/b><span style=\"font-weight: 400;\">: Los derechos del consumidor otorgados por la Ley de Protecci\u00f3n del Consumidor espa\u00f1ola (Real Decreto Legislativo 1\/2007, de 16 de noviembre, por el que se aprueba el texto refundido de la Ley General para la Defensa de los Consumidores y Usuarios) se respetar\u00e1n y se comunicar\u00e1n claramente en la secci\u00f3n relativa a los derechos de desistimiento.<\/span><\/li>\r\n \t<li><b>Transacciones de comercio electr\u00f3nico<\/b><span style=\"font-weight: 400;\">: De conformidad con la Ley 34\/2002, de 11 de julio, de Servicios de la Sociedad de la Informaci\u00f3n y de Comercio Electr\u00f3nico (LSSI-CE), todas las condiciones pertinentes deben ponerse a disposici\u00f3n del USUARIO antes de completar cualquier transacci\u00f3n.<\/span><\/li>\r\n \t<li><b>Transparencia en los precios<\/b><span style=\"font-weight: 400;\">: Cualquier tarifa por servicio se mostrar\u00e1 claramente de conformidad con el Real Decreto Legislativo 1\/2007, y se pedir\u00e1 expl\u00edcitamente al USUARIO que confirme antes de procesar cualquier pago.<\/span><\/li>\r\n<\/ul>\r\n&nbsp;\r\n\r\n<b>4. PROCEDIMIENTO DE CONTRATACI\u00d3N<\/b>\r\n\r\n<span style=\"font-weight: 400;\">Para acceder a determinados servicios prestados por el PROVEEDOR, es posible que el USUARIO deba completar un proceso de registro a trav\u00e9s del Sitio Web. El registro implica lo siguiente:<\/span>\r\n\r\n<span style=\"font-weight: 400;\">Proporcionar informaci\u00f3n personal veraz y actualizada, de conformidad con los art\u00edculos 97 y 98 de la Ley General para la Defensa de los Consumidores y Usuarios (RDL 1\/2007).<\/span>\r\n\r\n<span style=\"font-weight: 400;\">Crear una cuenta de usuario segura con un nombre de usuario y una contrase\u00f1a, que deber\u00e1n mantenerse confidenciales. El USUARIO se compromete a notificar inmediatamente al PROVEEDOR cualquier uso no autorizado o violaci\u00f3n de la seguridad.<\/span>\r\n\r\n<span style=\"font-weight: 400;\">Al completar el registro, el USUARIO reconoce y acepta que:<\/span>\r\n\r\n<span style=\"font-weight: 400;\">Sus datos personales ser\u00e1n tratados de acuerdo con la Pol\u00edtica de Privacidad del PROVEEDOR, en cumplimiento del Reglamento General de Protecci\u00f3n de Datos (RGPD) y la Ley Org\u00e1nica 3\/2018, de Protecci\u00f3n de Datos Personales y Garant\u00eda de los Derechos Digitales.<\/span>\r\n\r\n<span style=\"font-weight: 400;\">El acceso a los servicios puede estar sujeto a disponibilidad y, en su caso, al pago satisfactorio, tal y como se explica con m\u00e1s detalle en la secci\u00f3n 9 de las presentes Condiciones.<\/span>\r\n\r\n&nbsp;\r\n\r\n<b>5. CONDICIONES GENERALES DEL SERVICIO<\/b>\r\n\r\n<span style=\"font-weight: 400;\">Las siguientes condiciones generales se aplican a todos los servicios disponibles a trav\u00e9s del sitio web:<\/span>\r\n\r\n<span style=\"font-weight: 400;\">Todos los servicios se rigen por las presentes Condiciones. Ninguna comunicaci\u00f3n oral o escrita, salvo las presentes Condiciones u otros documentos aceptados expl\u00edcitamente por el PROVEEDOR, se considerar\u00e1 vinculante.<\/span>\r\n\r\n<span style=\"font-weight: 400;\">Los servicios se prestan \"tal cual\", sin garant\u00edas m\u00e1s all\u00e1 de las exigidas por la legislaci\u00f3n espa\u00f1ola y de la UE aplicable.<\/span>\r\n\r\n<span style=\"font-weight: 400;\">Para cualquier servicio sujeto a pago, el precio total (incluido el IVA aplicable y los cargos adicionales) se presentar\u00e1 claramente antes de cualquier transacci\u00f3n, de conformidad con el art\u00edculo 20 de la Ley 34\/2002 (LSSI-CE) y los art\u00edculos 60-61 del RDL 1\/2007.<\/span>\r\n\r\n&nbsp;\r\n\r\n<b>6. DERECHO DE DESISTIMIENTO<\/b>\r\n\r\n<span style=\"font-weight: 400;\">El USUARIO podr\u00e1 ejercer su derecho de desistimiento de conformidad con los <\/span><b>art\u00edculos 102 y siguientes<\/b><span style=\"font-weight: 400;\"> de la <\/span><b>Ley General para la Defensa de los Consumidores y Usuarios (RDL 1\/2007)<\/b><span style=\"font-weight: 400;\">, en las siguientes condiciones:<\/span>\r\n\r\n<span style=\"font-weight: 400;\">El USUARIO dispone de <\/span><b>14 d\u00edas naturales<\/b><span style=\"font-weight: 400;\"> desde la celebraci\u00f3n del contrato de prestaci\u00f3n de servicios para desistir, salvo que el servicio ya se haya prestado \u00edntegramente con el consentimiento previo y expreso del USUARIO y el reconocimiento de que el derecho de desistimiento se perder\u00e1 una vez se haya prestado \u00edntegramente.<\/span>\r\n\r\n<span style=\"font-weight: 400;\">El derecho de desistimiento <\/span><b>no se aplica<\/b><span style=\"font-weight: 400;\"> a los servicios personalizados o que impliquen el suministro de contenidos digitales no prestados en un soporte material, cuando la ejecuci\u00f3n haya comenzado con el consentimiento expreso del USUARIO y el reconocimiento de la p\u00e9rdida del derecho de desistimiento.<\/span>\r\n\r\n&nbsp;\r\n\r\n<b>C\u00f3mo desistir<\/b>\r\n<ul>\r\n \t<li><span style=\"font-weight: 400;\"> Las solicitudes de desistimiento deber\u00e1n enviarse por correo electr\u00f3nico a <\/span><strong><a class=\"primary-color&quot;\" href=\"mailto:info@barcelonacruiseport.com\">info@barcelonacruiseport.com<\/a><\/strong><span style=\"font-weight: 400;\"> o por escrito a la oficina local del PROVEEDOR en <\/span><b>Barcelona<\/b><span style=\"font-weight: 400;\">.<\/span><\/li>\r\n \t<li><span style=\"font-weight: 400;\"> En el caso de los contratos celebrados por v\u00eda electr\u00f3nica, la informaci\u00f3n sobre el derecho de desistimiento, incluidas las condiciones, los plazos y los procedimientos, se facilitar\u00e1 antes de que el USUARIO acepte la transacci\u00f3n, de conformidad con el <\/span><b>art\u00edculo 97.1.i) del RDL 1\/2007<\/b><span style=\"font-weight: 400;\"> y la <\/span><b>Directiva 2011\/83\/UE<\/b><span style=\"font-weight: 400;\">.<\/span><\/li>\r\n<\/ul>\r\n&nbsp;\r\n\r\n<b>7. CONTROVERSIAS Y RESPONSABILIDAD<\/b>\r\n\r\n<span style=\"font-weight: 400;\">El PROVEEDOR se esfuerza por ofrecer una experiencia fluida y satisfactoria a todos los USUARIOS. No obstante, en caso de controversias, se aplicar\u00e1n los siguientes procedimientos:<\/span>\r\n\r\n<span style=\"font-weight: 400;\">El USUARIO podr\u00e1 presentar una reclamaci\u00f3n por escrito a trav\u00e9s del correo electr\u00f3nico <\/span><strong><a class=\"primary-color&quot;\" href=\"mailto:info@barcelonacruiseport.com\">info@barcelonacruiseport.com<\/a><\/strong><span style=\"font-weight: 400;\">, proporcionando una descripci\u00f3n detallada del problema.<\/span>\r\n\r\n<span style=\"font-weight: 400;\">El PROVEEDOR responder\u00e1 a las reclamaciones en un plazo de 30 d\u00edas, resolviendo el asunto o proporcionando una explicaci\u00f3n si no es posible resolverlo en ese plazo.<\/span>\r\n\r\n<span style=\"font-weight: 400;\">De conformidad con el <\/span><b>art\u00edculo 21 y siguientes de la Ley General para la Defensa de los Consumidores y Usuarios (RDL 1\/2007)<\/b><span style=\"font-weight: 400;\"> y la <\/span><b>Directiva 2013\/11\/UE sobre resoluci\u00f3n alternativa de litigios (ADR)<\/b><span style=\"font-weight: 400;\">, los consumidores tambi\u00e9n pueden acceder a mecanismos extrajudiciales de resoluci\u00f3n de litigios a trav\u00e9s de entidades ADR registradas o mediante la <\/span><b>plataforma de resoluci\u00f3n de litigios en l\u00ednea (ODR)<\/b><span style=\"font-weight: 400;\"> proporcionada por la Comisi\u00f3n Europea (disponible en<\/span><strong><a class=\"primary-color&quot;\" href=\"https:\/\/ec.europa.eu\/consumers\/odr\"> https:\/\/ec.europa.eu\/consumers\/odr<\/a><\/strong><span style=\"font-weight: 400;\">).<\/span>\r\n\r\n&nbsp;\r\n\r\n<b>8. FUERZA MAYOR<\/b>\r\n\r\n<span style=\"font-weight: 400;\">Ninguna de las partes ser\u00e1 responsable de los retrasos o incumplimientos de sus obligaciones debidos a circunstancias que escapen a su control razonable, incluyendo, entre otras:<\/span>\r\n<ul>\r\n \t<li style=\"font-weight: 400;\" aria-level=\"1\"><span style=\"font-weight: 400;\">Desastres naturales (por ejemplo, terremotos, inundaciones, tormentas)<\/span><\/li>\r\n \t<li style=\"font-weight: 400;\" aria-level=\"1\"><span style=\"font-weight: 400;\">Acciones gubernamentales o cambios normativos<\/span><\/li>\r\n \t<li style=\"font-weight: 400;\" aria-level=\"1\"><span style=\"font-weight: 400;\">Actos de guerra, terrorismo o disturbios civiles<\/span><\/li>\r\n \t<li style=\"font-weight: 400;\" aria-level=\"1\"><span style=\"font-weight: 400;\">Conflictos laborales o huelgas no causados por la parte afectada<\/span><\/li>\r\n<\/ul>\r\n&nbsp;\r\n\r\n<span style=\"font-weight: 400;\">En caso de <\/span><b>fuerza mayor<\/b><span style=\"font-weight: 400;\">, la parte afectada deber\u00e1 notificarlo a la otra parte sin demora injustificada. Las obligaciones derivadas del presente acuerdo quedar\u00e1n suspendidas mientras dure el evento y se reanudar\u00e1n una vez que haya cesado la situaci\u00f3n de fuerza mayor.<\/span>\r\n\r\n<span style=\"font-weight: 400;\">Esta disposici\u00f3n se rige por los art\u00edculos 1105 y 1182 del C\u00f3digo Civil espa\u00f1ol, que regulan los acontecimientos imprevisibles y la imposibilidad de cumplimiento.<\/span>\r\n\r\n&nbsp;\r\n\r\n<b>9. PRECIOS Y CONDICIONES DE PAGO<\/b>\r\n\r\n<span style=\"font-weight: 400;\">Todos los precios de los servicios se muestran en euros (EUR) e incluyen el IVA espa\u00f1ol aplicable, salvo que se indique lo contrario.<\/span>\r\n\r\n<span style=\"font-weight: 400;\">Se aceptan pagos con tarjeta de cr\u00e9dito, transferencia bancaria electr\u00f3nica u otros m\u00e9todos aprobados que se indican en el sitio web.<\/span>\r\n\r\n<span style=\"font-weight: 400;\">Cualquier consulta relacionada con los pagos debe dirigirse a <\/span><strong><a class=\"primary-color&quot;\" href=\"mailto:info@barcelonacruiseport.com\">info@barcelonacruiseport.com<\/a><\/strong><span style=\"font-weight: 400;\">.<\/span>\r\n\r\n<span style=\"font-weight: 400;\">En cumplimiento de la <\/span><b>Ley 34\/2002, de Servicios de la Sociedad de la Informaci\u00f3n y de Comercio Electr\u00f3nico (LSSI-CE)<\/b><span style=\"font-weight: 400;\"> y del <\/span><b>Real Decreto Legislativo 1\/2007 (Ley General para la Defensa de los Consumidores y Usuarios)<\/b><span style=\"font-weight: 400;\">, todos los detalles sobre los precios se comunicar\u00e1n claramente al USUARIO antes de la conclusi\u00f3n de cualquier transacci\u00f3n.<\/span>\r\n\r\n<span style=\"font-weight: 400;\">El PROVEEDOR tambi\u00e9n emitir\u00e1 facturas de conformidad con la normativa espa\u00f1ola aplicable en materia de facturaci\u00f3n.<\/span>\r\n\r\n&nbsp;\r\n\r\n<b>10. LEY APLICABLE Y JURISDICCI\u00d3N<\/b>\r\n\r\n<span style=\"font-weight: 400;\">Las presentes Condiciones se regir\u00e1n e interpretar\u00e1n de conformidad con las leyes del <\/span><b>Reino de Espa\u00f1a<\/b><span style=\"font-weight: 400;\">, sin perjuicio de la protecci\u00f3n que las leyes imperativas de su pa\u00eds de residencia otorguen a los consumidores en virtud del <\/span><b>art\u00edculo 6 del Reglamento (CE) n.\u00ba 593\/2008 (Roma I)<\/b><span style=\"font-weight: 400;\">.<\/span>\r\n\r\n<span style=\"font-weight: 400;\">Cualquier controversia que surja de o est\u00e9 relacionada con las presentes Condiciones se someter\u00e1 a la jurisdicci\u00f3n exclusiva de los tribunales competentes de <\/span><b>Barcelona, Espa\u00f1a<\/b><span style=\"font-weight: 400;\">, salvo que las leyes imperativas de protecci\u00f3n de los consumidores dispongan lo contrario, en cuyo caso la jurisdicci\u00f3n corresponder\u00e1 al lugar de residencia del USUARIO, de conformidad con el <\/span><b>Reglamento (UE) n.\u00ba 1215\/2012 (Bruselas I bis)<\/b><span style=\"font-weight: 400;\">.<\/span>\r\n\r\n&nbsp;\r\n\r\n<b>11. INFORMACI\u00d3N DE CONTACTO<\/b>\r\n\r\n<span style=\"font-weight: 400;\">Para cualquier pregunta o duda, p\u00f3ngase en contacto con nosotros:<\/span>\r\n\r\n<span style=\"font-weight: 400;\">\ud83d\udce7 Correo electr\u00f3nico: <\/span><strong><a class=\"primary-color&quot;\" href=\"mailto:info@barcelonacruiseport.com\">info@barcelonacruiseport.com<\/a><\/strong>\r\n\r\n<span style=\"font-weight: 400;\">\ud83d\udccd Direcci\u00f3n: Moll Adossat, S\/N, 08039 Barcelona, Espa\u00f1a.<\/span>\t\t\t<\/div>\r\n\t\t<\/div>\r\n\t<\/div>\r\n<\/section>","protected":false},"excerpt":{"rendered":"","protected":false},"author":1,"featured_media":0,"parent":0,"menu_order":73,"comment_status":"closed","ping_status":"closed","template":"","meta":{"_acf_changed":false,"footnotes":""},"class_list":["post-6749","page","type-page","status-publish","hentry"],"acf":[],"_links":{"self":[{"href":"https:\/\/bcncruiseport.com\/es\/wp-json\/wp\/v2\/pages\/6749","targetHints":{"allow":["GET"]}}],"collection":[{"href":"https:\/\/bcncruiseport.com\/es\/wp-json\/wp\/v2\/pages"}],"about":[{"href":"https:\/\/bcncruiseport.com\/es\/wp-json\/wp\/v2\/types\/page"}],"author":[{"embeddable":true,"href":"https:\/\/bcncruiseport.com\/es\/wp-json\/wp\/v2\/users\/1"}],"replies":[{"embeddable":true,"href":"https:\/\/bcncruiseport.com\/es\/wp-json\/wp\/v2\/comments?post=6749"}],"version-history":[{"count":16,"href":"https:\/\/bcncruiseport.com\/es\/wp-json\/wp\/v2\/pages\/6749\/revisions"}],"predecessor-version":[{"id":9553,"href":"https:\/\/bcncruiseport.com\/es\/wp-json\/wp\/v2\/pages\/6749\/revisions\/9553"}],"wp:attachment":[{"href":"https:\/\/bcncruiseport.com\/es\/wp-json\/wp\/v2\/media?parent=6749"}],"curies":[{"name":"wp","href":"https:\/\/api.w.org\/{rel}","templated":true}]}}