{"id":6740,"date":"2025-03-13T12:47:20","date_gmt":"2025-03-13T12:47:20","guid":{"rendered":"https:\/\/bcn.globalcruiseports.com\/social-responsibility\/"},"modified":"2026-02-17T14:26:21","modified_gmt":"2026-02-17T14:26:21","slug":"responsabilidad-social","status":"publish","type":"page","link":"https:\/\/bcncruiseport.com\/es\/responsabilidad-social\/","title":{"rendered":"Responsabilidad social"},"content":{"rendered":"\r\n\r\n<section\r\n    class=\"section page page-sustainability page-bg-light \">\r\n    <style>\r\n                .page-header-bg {\r\n                    background-image: url(https:\/\/bcncruiseport.com\/wp-content\/uploads\/sites\/46\/2025\/05\/social-scaled.jpeg);\r\n                    background-size: cover;\r\n                    background-position: center;\r\n                }\r\n\t\t\t\t.hero-content{\r\n\t\t\t\t    top: 50%;\r\n    \t\t\t\tposition: absolute;\r\n    \t\t\t\ttransform: translateY(-50%);\r\n\t\t\t\t}\r\n              <\/style><div class=\"page-header-bg pr\">    <div class=\"container w100\">\r\n        <div class=\"row flex hero-content\">\r\n            <div class=\"cl-12 page-header\">\r\n                <h5>Responsabilidad social<\/h5>\r\n                <h1>Responsabilidad social<\/h1>\r\n                <p>Obtenga m\u00e1s informaci\u00f3n sobre c\u00f3mo nuestros esfuerzos de participaci\u00f3n comunitaria impulsan el crecimiento sostenible y crean un impacto duradero.<\/p>\n                \r\n\r\n                <style>\r\n                    a.cta {\r\n                        border-radius: 2rem;\r\n                        display: flex;\r\n                        align-items: center;\r\n                        width: fit-content;\r\n                        padding: 0.8rem 2.8rem 0.96rem 2.8rem;\r\n                        margin-top: 2rem;\r\n                        color: #fff;\r\n                    }\r\n\r\n                    .hero-content .page-header {\r\n                        display: flex;\r\n                        flex-direction: column;\r\n                        row-gap: 12px;\r\n                    }\r\n\r\n                    .page-header h5{\r\n                        margin-bottom: 0;\r\n                    }\r\n\r\n                    h5 {\r\n                        text-transform: uppercase;\r\n                    }\r\n\r\n                    .page-header p {\r\n                        max-width: 500px;\r\n                        color: #fff;\r\n                    }\r\n\r\n                    .cta:hover {\r\n                        padding-right: 2.8rem !important;\r\n                    }\r\n                <\/style>\r\n            <\/div>\r\n        <\/div>\r\n    <\/div>\r\n    <\/div>\r\n<\/section>\n\n<section class=\"section section-content-title \" id=\"\">\r\n\t<div class=\"container\">\r\n\t\t<div class=\"row flex align-i-center\">\r\n\t\t\t<div class=\"cl-5\">\r\n\t\t\t\t\t\t\t\t<h2>\r\n\t\t\t\t\tTurismo de cruceros \t\t\t\t\t<br>\r\n\t\t\t\t\t<span class=\"primary-color\">para un futuro mejor<\/span>\r\n\t\t\t\t<\/h2>\r\n\t\t\t<\/div>\r\n\t\t\t<div class=\"cl-7\">\r\n\t\t\t\t<p class=\"grey-color\">En Barcelona, estamos comprometidos con el fortalecimiento de las comunidades, la promoci\u00f3n del turismo sostenible y el fomento de un crecimiento responsable. Nuestro objetivo es crear un destino donde tanto visitantes como residentes prosperen, apoyados por el empoderamiento econ\u00f3mico, iniciativas culturales y la protecci\u00f3n del medioambiente.<\/p>\r\n\t\t\t<\/div>\r\n\t\t<\/div>\r\n\t<\/div>\r\n<\/section>\r\n\n\n<section class=\"section section-content-image \" id=\"\">\r\n\t<div class=\"container\">\r\n\t\t<div class=\"row flex align-i-center  flex-row-reverse \">\r\n\t\t\t<div class=\"cl-6\">\r\n\t\t\t\t<img decoding=\"async\" src=\"https:\/\/bcncruiseport.com\/wp-content\/uploads\/sites\/46\/2025\/04\/shutterstock_2489916669-scaled.jpg\" class=\"w100\" alt=\"\" \/>\r\n\t\t\t<\/div>\r\n\t\t\t<div class=\"cl-1\">\r\n\t\t\t\t\r\n\t\t\t<\/div>\r\n\t\t\t<div class=\"cl-5\">\r\n\t\t\t\t<h3><\/h3>\r\n\t\t\t\t<p>Apoyando a los negocios locales, fomentando la educaci\u00f3n y preservando el patrimonio cultural, nos aseguramos de que los beneficios del turismo de cruceros vayan m\u00e1s all\u00e1 del presente, dejando un legado valioso para las futuras generaciones.<\/p>\n<p>&nbsp;<\/p>\n<p>Creyendo en el poder de la colaboraci\u00f3n y las pr\u00e1cticas responsables, trabajamos con nuestros socios para construir un futuro en el que el turismo de cruceros enriquezca vidas, apoye a las comunidades y proteja el medio ambiente.<\/p>\n\t\t\t\t\t\t\t<\/div>\r\n\t\t<\/div>\r\n\t<\/div>\r\n<\/section>\r\n\n\n\r\n<style>\r\n    .section-social-responsibilities .page-header-bg {\r\n        background-image: url(https:\/\/bcncruiseport.com\/wp-content\/uploads\/sites\/46\/2024\/03\/social-responsibilities.jpg);\r\n    }\r\n    .section-social-responsibilities-tab-item ul{\r\n        list-style: disc;\r\n    }\r\n\r\n    .section-social-responsibilities-tab-item ul li{\r\n        margin-left: 2rem;\r\n    }\r\n<\/style>\r\n\r\n\r\n<section\r\n    class=\"section section-social-responsibilities page page-bg-light \"\r\n    id=\"section-social-responsibilities\">\r\n    <div class=\"page-header-bg flex align-i-start justify-c-start\">\r\n        <div class=\"container w100\">\r\n            <div class=\"row flex\">\r\n                <div class=\"cl-12 page-header\">\r\n                    <h3>RESPONSAB\u0130L\u0130DAD SOC\u0130AL<\/h3>\r\n                    <h1>Comprometidos con nuestra comunidad<\/h1>\r\n                    <p>Estamos comprometidos con el desarrollo de las comunidades, la integridad en nuestra forma de hacer negocios y la construcci\u00f3n de un futuro mejor para todos.\r\nA trav\u00e9s de proyectos significativos, colaboramos con pasajeros, socios portuarios y actores clave para generar un impacto duradero.<\/p>\r\n                <\/div>\r\n            <\/div>\r\n        <\/div>\r\n    <\/div>\r\n    <div class=\"page-content-wrapper\">\r\n        <div class=\"container\">\r\n            <div class=\"row flex align-i-center justify-c-center\">\r\n                <div class=\"cl-10\">\r\n                    <div class=\"page-bg-white\">\r\n                        <div class=\"section-social-responsibilities-items accordion accordion-ii\">\r\n                                                                <div\r\n                                        class=\"accordion-header accordion-header-sm black-arrow active first-item\">\r\n                                        <div class=\"row flex\">\r\n                                            <div class=\"cl-12\">\r\n                                                Green Project &#8211; Veh\u00edculos Electricos                                            <\/div>\r\n                                        <\/div>\r\n                                    <\/div>\r\n                                    <div\r\n                                        class=\"desktop-accordion-content mobile-accordion-content accordion-content active\">\r\n                                        <div class=\"row flex\">\r\n                                            <div class=\"cl-12 accordion-content-light\">\r\n                                                <div class=\"section-social-responsibilities-tab-item\">\r\n                                                    <div class=\"row flex\">\r\n                                                        <div class=\"cl-7\">\r\n                                                            \n<p><\/p>\n\n\n\n<p><\/p>\n                                                        <\/div>\r\n                                                        <div class=\"cl-5\">\r\n                                                            <img decoding=\"async\"\r\n                                                                src=\"https:\/\/bcncruiseport.com\/wp-content\/uploads\/sites\/46\/2025\/07\/image-1-1.png\" \/>\r\n                                                        <\/div>\r\n                                                    <\/div>\r\n                                                <\/div>\r\n                                            <\/div>\r\n                                        <\/div>\r\n                                    <\/div>\r\n                                                                        <div\r\n                                        class=\"accordion-header accordion-header-sm black-arrow \">\r\n                                        <div class=\"row flex\">\r\n                                            <div class=\"cl-12\">\r\n                                                Green Project &#8211; Furgoneta El\u00e9ctrica                                            <\/div>\r\n                                        <\/div>\r\n                                    <\/div>\r\n                                    <div\r\n                                        class=\"desktop-accordion-content mobile-accordion-content accordion-content \">\r\n                                        <div class=\"row flex\">\r\n                                            <div class=\"cl-12 accordion-content-light\">\r\n                                                <div class=\"section-social-responsibilities-tab-item\">\r\n                                                    <div class=\"row flex\">\r\n                                                        <div class=\"cl-7\">\r\n                                                            <p>El puerto de Barcelona es uno de los puertos m\u00e1s comprometidos con el cuidado del medio ambiente. Las emisiones de efecto invernadero son un problema importante en todos los puertos donde las l\u00edneas de cruceros y los puertos est\u00e1n tratando de resolver. La tecnolog\u00eda que usamos en los puertos, las ciudades y los barcos, es la mejor para nuestro futuro ambiental.<br \/>\nUno de los proyectos que Barcelona Cruise Port ha iniciado como parte de su \"Green Project\" es el \"Plan de Mejora de la Calidad\". En el primer a\u00f1o de este plan, se adquiere la primera furgoneta 100% el\u00e9ctrica. Con esta inversi\u00f3n, Barcelona Cruise Port mejora su posici\u00f3n ecol\u00f3gica.<\/p>\n                                                        <\/div>\r\n                                                        <div class=\"cl-5\">\r\n                                                            <img decoding=\"async\"\r\n                                                                src=\"https:\/\/bcncruiseport.com\/wp-content\/uploads\/sites\/46\/2025\/07\/MG_0014-1.png\" \/>\r\n                                                        <\/div>\r\n                                                    <\/div>\r\n                                                <\/div>\r\n                                            <\/div>\r\n                                        <\/div>\r\n                                    <\/div>\r\n                                                                        <div\r\n                                        class=\"accordion-header accordion-header-sm black-arrow \">\r\n                                        <div class=\"row flex\">\r\n                                            <div class=\"cl-12\">\r\n                                                Compromiso con el deporte                                            <\/div>\r\n                                        <\/div>\r\n                                    <\/div>\r\n                                    <div\r\n                                        class=\"desktop-accordion-content mobile-accordion-content accordion-content \">\r\n                                        <div class=\"row flex\">\r\n                                            <div class=\"cl-12 accordion-content-light\">\r\n                                                <div class=\"section-social-responsibilities-tab-item\">\r\n                                                    <div class=\"row flex\">\r\n                                                        <div class=\"cl-7\">\r\n                                                            <p>El pasado 10 de febrero de 2019 se celebr\u00f3 el evento Global Run, la media marat\u00f3n de Barcelona. Global Ports Holding PLC patrocin\u00f3 esta carrera en la que participaron un total de 19 000 corredores provenientes de 103 naciones, entre las que destacan los siguientes pa\u00edses:<\/p>\n<p>&#8211;\u00a0 Francia (1822 corredores).<\/p>\n<p>&#8211;\u00a0 Reino Unido (1334 corredores).<\/p>\n<p>&#8211;\u00a0 Italia (785 corredores).<\/p>\n<p>&#8211;\u00a0 Alemania (742 corredores).<\/p>\n<p>&#8211;\u00a0 El resto de participantes extranjeros, hasta sumar un total de 8323, proven\u00edan de pa\u00edses como Costa Rica, Cabo Verde, Camer\u00fan o Islas V\u00edrgenes.<\/p>\n<p>El ganador masculino fue Eric Kiptanui con un tiempo de una hora y cuatro minutos. Roza Dereje fue la vencedora en la categor\u00eda femenina con un tiempo de una hora y seis minutos.<\/p>\n<p>Como curiosidad, podemos comentar que el primer corredor y la primera corredora en pasar la l\u00ednea de los cinco kil\u00f3metros de recorrido ganaron unas vacaciones de Pullmantur Cruises. Un premio entregado por el CEO de GPH, Emre Sayin. En su discurso coment\u00f3: Estamos encantados de que la Carrera Global de este a\u00f1o haya sido un gran \u00e9xito y fue un evento verdaderamente global con la participaci\u00f3n de m\u00e1s de 100 pa\u00edses. Damos la bienvenida a Barcelona a millones de pasajeros de cruceros<\/p>\n<p>cada a\u00f1o y es fant\u00e1stico que tantas personas hayan tenido la oportunidad de experimentar esta maravillosa ciudad durante este evento. Nuestra iniciativa Global Run es un compromiso continuo, como el mayor operador de puertos de cruceros del mundo, para promover el entendimiento intercultural en los lugares donde operamos, y estamos orgullosos de continuar apoyando esta iniciativa.<\/p>\n                                                        <\/div>\r\n                                                        <div class=\"cl-5\">\r\n                                                            <img decoding=\"async\"\r\n                                                                src=\"https:\/\/bcncruiseport.com\/wp-content\/uploads\/sites\/46\/2025\/07\/MG_0014-1-1.png\" \/>\r\n                                                        <\/div>\r\n                                                    <\/div>\r\n                                                <\/div>\r\n                                            <\/div>\r\n                                        <\/div>\r\n                                    <\/div>\r\n                                                            <\/div>\r\n                    <\/div>\r\n                <\/div>\r\n            <\/div>\r\n        <\/div>\r\n    <\/div>\r\n<\/section>","protected":false},"excerpt":{"rendered":"","protected":false},"author":2,"featured_media":0,"parent":0,"menu_order":68,"comment_status":"closed","ping_status":"closed","template":"","meta":{"_acf_changed":false,"footnotes":""},"class_list":["post-6740","page","type-page","status-publish","hentry"],"acf":[],"_links":{"self":[{"href":"https:\/\/bcncruiseport.com\/es\/wp-json\/wp\/v2\/pages\/6740","targetHints":{"allow":["GET"]}}],"collection":[{"href":"https:\/\/bcncruiseport.com\/es\/wp-json\/wp\/v2\/pages"}],"about":[{"href":"https:\/\/bcncruiseport.com\/es\/wp-json\/wp\/v2\/types\/page"}],"author":[{"embeddable":true,"href":"https:\/\/bcncruiseport.com\/es\/wp-json\/wp\/v2\/users\/2"}],"replies":[{"embeddable":true,"href":"https:\/\/bcncruiseport.com\/es\/wp-json\/wp\/v2\/comments?post=6740"}],"version-history":[{"count":23,"href":"https:\/\/bcncruiseport.com\/es\/wp-json\/wp\/v2\/pages\/6740\/revisions"}],"predecessor-version":[{"id":11384,"href":"https:\/\/bcncruiseport.com\/es\/wp-json\/wp\/v2\/pages\/6740\/revisions\/11384"}],"wp:attachment":[{"href":"https:\/\/bcncruiseport.com\/es\/wp-json\/wp\/v2\/media?parent=6740"}],"curies":[{"name":"wp","href":"https:\/\/api.w.org\/{rel}","templated":true}]}}