{"id":6423,"date":"2024-02-12T08:51:57","date_gmt":"2024-02-12T08:51:57","guid":{"rendered":"https:\/\/bcn.globalcruiseports.com\/legal-information\/"},"modified":"2025-10-13T10:32:59","modified_gmt":"2025-10-13T10:32:59","slug":"informacion-legal","status":"publish","type":"page","link":"https:\/\/bcncruiseport.com\/es\/informacion-legal\/","title":{"rendered":"Informaci\u00f3n Legal"},"content":{"rendered":"\r\n<section class=\"section page page-policy footer-space-mr \">\r\n\t<div class=\"container\">\r\n\t    <div class=\"row flex align-i-end\">\r\n        <div class=\"cl-5 page-header\">\r\n            <h5>INFORMACI\u00d3N LEGAL<\/h5>\r\n            <h1>\r\n                Informaci\u00f3n<br \/>\r\n                <span class=\"primary-color\">Legal<\/span>\r\n            <\/h1>\r\n        <\/div>\r\n        <div class=\"cl-7 page-description\">\r\n            Global Ports Holding Limited, Barcelona Cruise Port (en adelante, el \"RESPONSABLE DEL TRATAMIENTO\"), pone a disposici\u00f3n de los usuarios de su sitio web el presente documento en cumplimiento de las obligaciones establecidas en la Ley 34\/2002, de 11 de julio, de Servicios de la Sociedad de la Informaci\u00f3n y de Comercio Electr\u00f3nico (LSSI-CE), que desarrolla la Directiva 2000\/31\/CE sobre el comercio electr\u00f3nico.        <\/div>\r\n    <\/div>\r\n\t\t<div class=\"row flex page-sub-menu\">\r\n\t\t\t<div class=\"cl-12\">\r\n\t\t\t\t<ul class=\"flex align-i-center justify-c-center\">\r\n\t\t\t\t\t<li id=\"menu-item-7376\" class=\"menu-item menu-item-type-post_type menu-item-object-page menu-item-7376\"><a href=\"https:\/\/bcncruiseport.com\/es\/politica-de-privacidad\/\">Pol\u00edtica de Privacidad<\/a><\/li>\n<li id=\"menu-item-7377\" class=\"menu-item menu-item-type-post_type menu-item-object-page menu-item-7377\"><a href=\"https:\/\/bcncruiseport.com\/es\/condiciones-de-uso\/\">Condiciones de Uso<\/a><\/li>\n<li id=\"menu-item-8518\" class=\"menu-item menu-item-type-post_type menu-item-object-page menu-item-8518\"><a href=\"https:\/\/bcncruiseport.com\/es\/informacion-legal\/\">Informaci\u00f3n Legal<\/a><\/li>\n<li id=\"menu-item-8517\" class=\"menu-item menu-item-type-post_type menu-item-object-page menu-item-8517\"><a href=\"https:\/\/bcncruiseport.com\/es\/politica-de-cookies\/\">Pol\u00edtica de cookies<\/a><\/li>\n\t\t\t\t<\/ul>\r\n\t\t\t<\/div>\r\n\t\t<\/div>\r\n\t\t<div class=\"row flex page-content justify-c-center\">\r\n\t\t\t<div class=\"cl-10 text-justify\">\r\n\t\t\t\t<b>INFORMACI\u00d3N LEGAL<\/b>\r\n\r\n<b>LEY DE COMERCIO ELECTR\u00d3NICO ESPA\u00d1OLA (Ley 34\/2002) Y DIRECTIVA DE COMERCIO ELECTR\u00d3NICO DE LA UE (2000\/31\/CE)<\/b>\r\n\r\n<span style=\"font-weight: 400;\">Global Ports Holding Limited, Barcelona Cruise Port (en adelante, el \"RESPONSABLE DEL TRATAMIENTO\"), pone a disposici\u00f3n de los usuarios de su sitio web el presente documento en cumplimiento de las obligaciones establecidas en la Ley 34\/2002, de 11 de julio, de Servicios de la Sociedad de la Informaci\u00f3n y de Comercio Electr\u00f3nico (LSSI-CE), que desarrolla la Directiva 2000\/31\/CE sobre el comercio electr\u00f3nico.<\/span>\r\n\r\n<span style=\"font-weight: 400;\">Al acceder a este sitio web, los usuarios adquieren la condici\u00f3n de \"USUARIO\" y se comprometen a cumplir las disposiciones establecidas en este documento, as\u00ed como cualquier otra cl\u00e1usula legal aplicable.<\/span>\r\n\r\n<span style=\"font-weight: 400;\">El RESPONSABLE se reserva el derecho de modificar cualquier contenido, t\u00e9rmino o pol\u00edtica de este sitio web sin previo aviso. Dichas modificaciones se considerar\u00e1n efectivas desde el momento de su publicaci\u00f3n en el sitio web.<\/span>\r\n\r\n&nbsp;\r\n\r\n<b>1. INFORMACI\u00d3N DE IDENTIFICACI\u00d3N (AVISO LEGAL \u2013 IDENTIFICACI\u00d3N)<\/b>\r\n\r\n<span style=\"font-weight: 400;\">De conformidad con el art\u00edculo 10 de la Ley 34\/2002 (LSS-CE), se facilita la siguiente informaci\u00f3n:<\/span>\r\n<ul>\r\n \t<li style=\"font-weight: 400;\" aria-level=\"1\"><b>Nombre de dominio<\/b><span style=\"font-weight: 400;\">: <strong><a class=\"primary-color\" href=\"http:\/\/www.bcncruiseport.com\">bcncruiseport.com<\/a><\/strong><\/span><\/li>\r\n \t<li style=\"font-weight: 400;\" aria-level=\"1\"><b>Nombre comercial<\/b><span style=\"font-weight: 400;\">: Barcelona Cruise Port<\/span><\/li>\r\n \t<li style=\"font-weight: 400;\" aria-level=\"1\"><b>Persona jur\u00eddica<\/b><span style=\"font-weight: 400;\">: Creuers del Port de Barcelona, S.A<\/span><\/li>\r\n \t<li style=\"font-weight: 400;\" aria-level=\"1\"><b>NIF\/CIF<\/b><span style=\"font-weight: 400;\">: A62035282<\/span><\/li>\r\n \t<li style=\"font-weight: 400;\" aria-level=\"1\"><b>Domicilio social<\/b><span style=\"font-weight: 400;\">: Estaci\u00f3n Mar\u00edtima Sur s\/n &#8211; WTC, 08039 Barcelona<\/span><\/li>\r\n \t<li style=\"font-weight: 400;\" aria-level=\"1\"><b>Tel\u00e9fono de contacto<\/b><span style=\"font-weight: 400;\">: <strong><a class=\"primary-color\" href=\"tel:0034 934127914\">0034 934127914<\/a><\/strong><\/span><\/li>\r\n \t<li style=\"font-weight: 400;\" aria-level=\"1\"><b>Correo electr\u00f3nico<\/b><span style=\"font-weight: 400;\">: <strong><a class=\"primary-color\" href=\"mailto:esanchez@bcncruiseport.com\">esanchez@bcncruiseport.com<\/a><\/strong><\/span><\/li>\r\n \t<li style=\"font-weight: 400;\" aria-level=\"1\"><b>Administradores<\/b><span style=\"font-weight: 400;\">: Francisco Grau Comellas<\/span><\/li>\r\n \t<li style=\"font-weight: 400;\" aria-level=\"1\"><b>Informaci\u00f3n del Registro Mercantil<\/b><span style=\"font-weight: 400;\">: Registro Mercantil de Barcelona, tomo y folio electronicos, IRUS 1000345142046, hoja B-46.067<\/span><\/li>\r\n \t<li style=\"font-weight: 400;\" aria-level=\"1\"><b>Autoridad supervisora<\/b><span style=\"font-weight: 400;\">: N\/A<\/span><\/li>\r\n<\/ul>\r\n&nbsp;\r\n\r\n<b>2. DERECHOS DE PROPIEDAD INTELECTUAL E INDUSTRIAL<\/b>\r\n\r\n<span style=\"font-weight: 400;\">El contenido de este sitio web, incluyendo, entre otros, su estructura, dise\u00f1o, texto, im\u00e1genes, gr\u00e1ficos, logotipos, iconos, archivos de audio y v\u00eddeo, recursos descargables y c\u00f3digo fuente, es propiedad del RESPONSABLE DEL TRATAMIENTO o se utiliza bajo las licencias correspondientes, y est\u00e1 protegido por la Ley de Propiedad Intelectual espa\u00f1ola (Real Decreto Legislativo 1\/1996) y la normativa de la UE aplicable.<\/span>\r\n\r\n<span style=\"font-weight: 400;\">Cualquier uso, reproducci\u00f3n, modificaci\u00f3n, distribuci\u00f3n o explotaci\u00f3n comercial no autorizados de dicho contenido est\u00e1n estrictamente prohibidos y pueden dar lugar a acciones legales.<\/span>\r\n\r\n<span style=\"font-weight: 400;\">Las marcas comerciales, logotipos y contenidos de terceros son propiedad de sus respectivos propietarios y se incluyen \u00fanicamente con fines de referencia. Su inclusi\u00f3n no implica ninguna relaci\u00f3n ni respaldo por parte del RESPONSABLE.<\/span>\r\n\r\n<span style=\"font-weight: 400;\">Las presuntas infracciones deben comunicarse por correo electr\u00f3nico a: <strong><a class=\"primary-color\" href=\"mailto:sanchez@bcncruiseport.com\">esanchez@bcncruiseport.com<\/a><\/strong><\/span>\r\n\r\n&nbsp;\r\n\r\n<b>3. EXENCI\u00d3N DE RESPONSABILIDAD<\/b>\r\n\r\n<b>Uso de cookies<\/b>\r\n\r\n<span style=\"font-weight: 400;\">Este sitio web utiliza cookies para mejorar la experiencia del usuario y garantizar su \u00f3ptimo funcionamiento. Las cookies utilizadas son principalmente t\u00e9cnicas y esenciales para permitir una navegaci\u00f3n segura y eficiente. Se informar\u00e1 a los usuarios si se implementan cookies que requieran consentimiento previo, y se obtendr\u00e1 el consentimiento expl\u00edcito de conformidad con el Reglamento General de Protecci\u00f3n de Datos (RGPD) y la normativa espa\u00f1ola aplicable, incluidas las directrices emitidas por la Agencia Espa\u00f1ola de Protecci\u00f3n de Datos (AEPD).<\/span>\r\n\r\n<span style=\"font-weight: 400;\">Los usuarios pueden configurar sus navegadores para gestionar las preferencias de cookies o impedir su instalaci\u00f3n. Para m\u00e1s detalles, consulte la secci\u00f3n Pol\u00edtica de cookies de nuestro sitio web.<\/span>\r\n\r\n&nbsp;\r\n\r\n<b>Enlaces a contenidos de terceros<\/b>\r\n\r\n<span style=\"font-weight: 400;\">Este sitio web puede contener enlaces a sitios web externos o contenidos proporcionados por terceros. El RESPONSABLE no asume ninguna responsabilidad por la exactitud, legalidad o idoneidad de dichos contenidos. Si se detecta que alg\u00fan enlace de terceros infringe las leyes o normas de decencia aplicables, el RESPONSABLE lo eliminar\u00e1 inmediatamente y lo notificar\u00e1 a las autoridades pertinentes si es necesario.<\/span>\r\n\r\n&nbsp;\r\n\r\n<b>Contenido generado por los usuarios<\/b>\r\n\r\n<span style=\"font-weight: 400;\">El RESPONSABLE no se hace responsable del contenido generado por los usuarios (por ejemplo, comentarios, publicaciones en foros o interacciones en redes sociales) que pueda aparecer en el sitio web o estar vinculado a \u00e9l. No obstante, cualquier contenido que infrinja las disposiciones legales, los derechos de terceros o el orden p\u00fablico ser\u00e1 eliminado tras su notificaci\u00f3n. Las denuncias pueden enviarse a: <strong><a class=\"primary-color\" href=\"mailto:esanchez@bcncruiseport.com\">esanchez@bcncruiseport.com<\/a><\/strong>.<\/span>\r\n\r\n&nbsp;\r\n\r\n<b>Disponibilidad del sitio web<\/b>\r\n\r\n<span style=\"font-weight: 400;\">El RESPONSABLE se esfuerza por proporcionar un acceso ininterrumpido al sitio web. No obstante, la disponibilidad puede verse afectada por el mantenimiento t\u00e9cnico, errores o acontecimientos de fuerza mayor, como huelgas, desastres naturales o cortes de Internet. Se har\u00e1n todos los esfuerzos razonables para minimizar las interrupciones.<\/span>\r\n\r\n&nbsp;\r\n\r\n<b>Direcciones IP<\/b>\r\n\r\n<span style=\"font-weight: 400;\">El sitio web puede registrar autom\u00e1ticamente las direcciones IP y los nombres de dominio de los usuarios con fines estad\u00edsticos y de seguridad. Estos registros se gestionan de conformidad con el Reglamento General de Protecci\u00f3n de Datos (RGPD) y la legislaci\u00f3n nacional espa\u00f1ola en materia de protecci\u00f3n de datos, incluidas las disposiciones de la Ley Org\u00e1nica 3\/2018 de Protecci\u00f3n de Datos Personales y Garant\u00eda de los Derechos Digitales (LOPDGDD). Los datos se conservan de forma segura durante el periodo necesario antes de ser eliminados o anonimizados.<\/span>\r\n\r\n&nbsp;\r\n\r\n<b>4. LEY APLICABLE Y JURISDICCI\u00d3N<\/b>\r\n\r\n<span style=\"font-weight: 400;\">Este sitio web y su uso se rigen por las leyes del Reino de Espa\u00f1a. Cualquier controversia que surja o est\u00e9 relacionada con el uso del sitio web ser\u00e1 competencia exclusiva de los tribunales competentes de Barcelona, Espa\u00f1a, salvo que las leyes de protecci\u00f3n de los consumidores dispongan lo contrario.<\/span>\t\t\t<\/div>\r\n\t\t<\/div>\r\n\t<\/div>\r\n<\/section>","protected":false},"excerpt":{"rendered":"","protected":false},"author":1,"featured_media":0,"parent":0,"menu_order":44,"comment_status":"closed","ping_status":"closed","template":"","meta":{"_acf_changed":false,"footnotes":""},"class_list":["post-6423","page","type-page","status-publish","hentry"],"acf":[],"_links":{"self":[{"href":"https:\/\/bcncruiseport.com\/es\/wp-json\/wp\/v2\/pages\/6423","targetHints":{"allow":["GET"]}}],"collection":[{"href":"https:\/\/bcncruiseport.com\/es\/wp-json\/wp\/v2\/pages"}],"about":[{"href":"https:\/\/bcncruiseport.com\/es\/wp-json\/wp\/v2\/types\/page"}],"author":[{"embeddable":true,"href":"https:\/\/bcncruiseport.com\/es\/wp-json\/wp\/v2\/users\/1"}],"replies":[{"embeddable":true,"href":"https:\/\/bcncruiseport.com\/es\/wp-json\/wp\/v2\/comments?post=6423"}],"version-history":[{"count":8,"href":"https:\/\/bcncruiseport.com\/es\/wp-json\/wp\/v2\/pages\/6423\/revisions"}],"predecessor-version":[{"id":9561,"href":"https:\/\/bcncruiseport.com\/es\/wp-json\/wp\/v2\/pages\/6423\/revisions\/9561"}],"wp:attachment":[{"href":"https:\/\/bcncruiseport.com\/es\/wp-json\/wp\/v2\/media?parent=6423"}],"curies":[{"name":"wp","href":"https:\/\/api.w.org\/{rel}","templated":true}]}}