{"id":6419,"date":"2025-04-07T11:54:02","date_gmt":"2025-04-07T11:54:02","guid":{"rendered":"https:\/\/bcn.globalcruiseports.com\/hse\/"},"modified":"2026-02-17T14:17:12","modified_gmt":"2026-02-17T14:17:12","slug":"salud-seguridad-y-medio-ambiente","status":"publish","type":"page","link":"https:\/\/bcncruiseport.com\/es\/salud-seguridad-y-medio-ambiente\/","title":{"rendered":"Salud, seguridad y medio ambiente"},"content":{"rendered":"\r\n<style>\r\n.page-content-wrapper{\r\n\t\tz-index: 2;\t\r\n\t}\r\n<\/style>\r\n\r\n<section class=\"section page page-sustainability footer-space-pd page-bg-light  desktop-footer-space-pd hse-menu\">\r\n\t<style>\r\n                .page-header-bg {\r\n                    background-image: url(https:\/\/bcncruiseport.com\/wp-content\/uploads\/sites\/46\/2025\/04\/hse1.png);\r\n                    background-size: cover;\r\n                    background-position: center;\r\n                }\r\n\t\t\t\t.hero-content{\r\n\t\t\t\t    top: 50%;\r\n    \t\t\t\tposition: absolute;\r\n    \t\t\t\ttransform: translateY(-50%);\r\n\t\t\t\t}\r\n              <\/style><div class=\"page-header-bg pr\">\t<div class=\"container w100\">\r\n\t\t<div class=\"row flex hero-content\">\r\n\t\t\t<div class=\"cl-12 page-header\">\r\n\t\t\t\t<h5 style=\"text-transform:uppercase;\">Salud, seguridad y medio ambiente<\/h5>\r\n\t\t\t\t<h1>Salud, seguridad y medio ambiente<\/h1>\r\n\t\t\t<\/div>\r\n\t\t<\/div>\r\n\t<\/div>\r\n\t<\/div>\r\n\t<div class=\"page-content-wrapper pr\">\r\n\t\t<div class=\"container\">\r\n\t\t\t<div class=\"row flex align-i-center justify-c-center\">\r\n\t\t\t\t<div class=\"cl-10\">\r\n\t\t\t\t\t<div class=\"page-bg-white\">\r\n\t\t\t\t\t\t<div class=\"row flex page-sub-menu\">\r\n\t\t\t\t\t\t\t<div class=\"cl-12\">\r\n\t\t\t\t\t\t\t\t<ul class=\"flex align-i-center justify-c-center\">\r\n\t\t\t\t\t\t\t\t\t\t\t\t\t\t\t\t\t\t\t<li id=\"tabButton1\"\r\n\t\t\t\t\t\t\t\t\t\t\tclass=\"tab-button current-menu-item\">\r\n\t\t\t\t\t\t\t\t\t\t\t<span\r\n\t\t\t\t\t\t\t\t\t\t\t\tonclick=\"showTab('tab1', 'tabButton1')\">Salud &amp; Seguridad<\/span>\r\n\t\t\t\t\t\t\t\t\t\t<\/li>\r\n\t\t\t\t\t\t\t\t\t\t\t\t\t\t\t\t\t\t\t<li id=\"tabButton2\"\r\n\t\t\t\t\t\t\t\t\t\t\tclass=\"tab-button \">\r\n\t\t\t\t\t\t\t\t\t\t\t<span\r\n\t\t\t\t\t\t\t\t\t\t\t\tonclick=\"showTab('tab2', 'tabButton2')\">Medioambiente<\/span>\r\n\t\t\t\t\t\t\t\t\t\t<\/li>\r\n\t\t\t\t\t\t\t\t\t\t\t\t\t\t\t\t\t<\/ul>\r\n\t\t\t\t\t\t\t<\/div>\r\n\t\t\t\t\t\t<\/div>\r\n\t\t\t\t\t\t<div class=\"row flex\">\r\n\t\t\t\t\t\t\t<div class=\"cl-12\">\r\n\t\t\t\t\t\t\t\t\t\t\t\t\t\t\t\t\t<div id=\"tab1\"\r\n\t\t\t\t\t\t\t\t\t\tclass=\"tab-2-content active-tab\">\r\n\t\t\t\t\t\t\t\t\t\t<p><strong>Salud<\/strong><br \/>\nLa Autoridad Portuaria ha estado analizando peri\u00f3dicamente la calidad del agua del puerto durante dos d\u00e9cadas. Las llamadas \"aguas abrigadas\" del recinto presentan diferentes variaciones en el nivel de contaminaci\u00f3n, dependiendo de si pertenecen al Port Vell, en el norte, o al Moll Prat, en el sur.<\/p>\n<p>Se han encontrado pesticidas, fluoreno, tolueno, mercurio y n\u00edquel, entre otras sustancias. Cuanto m\u00e1s cerca de la desembocadura del Llobregat, mayor es el \u00edndice de contaminaci\u00f3n. Entre las caracter\u00edsticas de las aguas del puerto podemos mencionar las siguientes:<\/p>\n<p>Tienen una temperatura m\u00e1s elevada.<\/p>\n<p>Poseen un nivel de salinidad m\u00e1s bajo, lo que afecta a su densidad.<\/p>\n<p>Son m\u00e1s turbias a causa de los vertidos.<\/p>\n<p>Estas aguas, al recibir escorrent\u00edas de la lluvia y del mar, son m\u00e1s propensas a dividirse en dos capas. En la superior, la sedimentaci\u00f3n mencionada anteriormente puede observarse f\u00e1cilmente. En la inferior, la corriente realiza una renovaci\u00f3n continua. El esfuerzo de la direcci\u00f3n del puerto por conocer en todo momento el contenido exacto de las aguas es enorme y ha arrojado resultados m\u00e1s que alentadores.<\/p>\n<p>&nbsp;<\/p>\n<p><strong>Seguridad<\/strong><br \/>\nA la sostenibilidad debemos a\u00f1adir el enorme valor comercial del Puerto de Barcelona. Sus terminales de mercanc\u00edas han obtenido los certificados APM Terminals Barcelona y BEST, que garantizan que cada contenedor ser\u00e1 manipulado y almacenado correctamente para evitar cualquier tipo de da\u00f1o.<\/p>\n<p>Adem\u00e1s, cada contenedor ser\u00e1 entregado con su precinto original. El compromiso se extiende a toda la mercanc\u00eda que pasa por el PIF (Punto de Inspecci\u00f3n Fronteriza) y que ha sido inspeccionada por un agente de aduanas o la autoridad competente. Dicho compromiso obliga a la direcci\u00f3n del Puerto de Barcelona a abonar las indemnizaciones estipuladas de acuerdo con los certificados antes mencionados.<\/p>\n<p>&nbsp;<\/p>\n<p><strong>COVID-19<\/strong><br \/>\nEL PUERTO DE CRUCEROS DE BARCELONA SE PREPARA PARA LA REANUDACI\u00d3N DE LAS OPERACIONES<\/p>\n<p><img loading=\"lazy\" decoding=\"async\" class=\"alignnone wp-image-8283\" src=\"https:\/\/bcn.globalcruiseports.com\/wp-content\/uploads\/sites\/46\/2025\/09\/safetravels-300x146.png\" alt=\"\" width=\"750\" height=\"365\" srcset=\"https:\/\/bcncruiseport.com\/wp-content\/uploads\/sites\/46\/2025\/09\/safetravels-300x146.png 300w, https:\/\/bcncruiseport.com\/wp-content\/uploads\/sites\/46\/2025\/09\/safetravels-1024x500.png 1024w, https:\/\/bcncruiseport.com\/wp-content\/uploads\/sites\/46\/2025\/09\/safetravels-768x375.png 768w, https:\/\/bcncruiseport.com\/wp-content\/uploads\/sites\/46\/2025\/09\/safetravels.png 1188w\" sizes=\"auto, (max-width: 750px) 100vw, 750px\" \/><\/p>\n<ul>\n<li>El personal de la Terminal de Cruceros y todas las empresas implicadas en las operaciones han sido formados y est\u00e1n listos para retomar la actividad en las terminales.<\/li>\n<li>Nuestras terminales han sido equipadas y se han implementado todas las medidas necesarias para garantizar operaciones seguras en el puerto.<\/li>\n<li>Las terminales han puesto en marcha un procedimiento completo con medidas que deben aplicarse durante las operaciones en el puerto para prevenir posibles contagios de COVID-19.<\/li>\n<\/ul>\n<p>&nbsp;<\/p>\n<p>El BCP fue uno de los primeros puertos en obtener el sello \"Safe Travels\", como infraestructura segura frente a la COVID-19, otorgado por el World Travel &amp; Tourism Council, la principal asociaci\u00f3n mundial del sector.<\/p>\n<p>Asimismo, ha obtenido el sello de calidad \"Turismo Responsable\", otorgado por el Ministerio de Industria, Comercio y Turismo del Gobierno de Espa\u00f1a, que reconoce la aplicaci\u00f3n de las directrices y recomendaciones aprobadas por el Ministerio de Sanidad.<\/p>\n\t\t\t\t\t\t\t\t\t\t\t\t\t\t\t\t\t\t\t\t\t<div class=\"tab-documents\">\r\n\t\t\t\t\t\t\t\t\t\t\t\t\t\t\t\t\t\t\t\t\t\t\t\t\t\t\t\t\t\t\t\t\t\t\t\t\t\t\t<div class=\"tab-document-item flex\">\r\n\t\t\t\t\t\t\t\t\t\t\t\t\t\t\t<div class=\"doc-icon\">\r\n\t\t\t\t\t\t\t\t\t\t\t\t\t\t\t\t<img decoding=\"async\" src=\"https:\/\/bcncruiseport.com\/wp-content\/uploads\/sites\/46\/2025\/07\/download.svg\" alt=\"Document\" \/>\r\n\t\t\t\t\t\t\t\t\t\t\t\t\t\t\t<\/div>\r\n\t\t\t\t\t\t\t\t\t\t\t\t\t\t\t<div class=\"doc-title\">\r\n\t\t\t\t\t\t\t\t\t\t\t\t\t\t\t\tCOVID-19 INFORMATION\t\t\t\t\t\t\t\t\t\t\t\t\t\t\t<\/div>\r\n\t\t\t\t\t\t\t\t\t\t\t\t\t\t\t<div class=\"doc-get\">\r\n\t\t\t\t\t\t\t\t\t\t\t\t\t\t\t\t<a href=\"https:\/\/bcncruiseport.com\/wp-content\/uploads\/sites\/46\/2025\/09\/COVID19-_Reopening_Cruise_Terminals_Barcelona_v_3-1.pdf\" target=\"_blank\"\r\n\t\t\t\t\t\t\t\t\t\t\t\t\t\t\t\t\tclass=\"primary-color\">\r\n\t\t\t\t\t\t\t\t\t\t\t\t\t\t\t\t\tDOWNLOAD\t\t\t\t\t\t\t\t\t\t\t\t\t\t\t\t\t<svg xmlns=\"http:\/\/www.w3.org\/2000\/svg\" width=\"18.142\"\r\n\t\t\t\t\t\t\t\t\t\t\t\t\t\t\t\t\t\theight=\"18.142\" viewBox=\"0 0 18.142 18.142\"\r\n\t\t\t\t\t\t\t\t\t\t\t\t\t\t\t\t\t\tclass=\"primary-stroke\">\r\n\t\t\t\t\t\t\t\t\t\t\t\t\t\t\t\t\t\t<g id=\"Icon_feather-arrow-up-right\"\r\n\t\t\t\t\t\t\t\t\t\t\t\t\t\t\t\t\t\t\tdata-name=\"Icon feather-arrow-up-right\"\r\n\t\t\t\t\t\t\t\t\t\t\t\t\t\t\t\t\t\t\ttransform=\"translate(30.991 9.071) rotate(135)\">\r\n\t\t\t\t\t\t\t\t\t\t\t\t\t\t\t\t\t\t\t<path id=\"Path_3\" data-name=\"Path 3\" d=\"M10.5,20.5l10-10\"\r\n\t\t\t\t\t\t\t\t\t\t\t\t\t\t\t\t\t\t\t\tfill=\"none\" stroke-linecap=\"round\"\r\n\t\t\t\t\t\t\t\t\t\t\t\t\t\t\t\t\t\t\t\tstroke-linejoin=\"round\" stroke-width=\"2\" \/>\r\n\t\t\t\t\t\t\t\t\t\t\t\t\t\t\t\t\t\t\t<path id=\"Path_4\" data-name=\"Path 4\" d=\"M10.5,10.5h10v10\"\r\n\t\t\t\t\t\t\t\t\t\t\t\t\t\t\t\t\t\t\t\tfill=\"none\" stroke-linecap=\"round\"\r\n\t\t\t\t\t\t\t\t\t\t\t\t\t\t\t\t\t\t\t\tstroke-linejoin=\"round\" stroke-width=\"2\" \/>\r\n\t\t\t\t\t\t\t\t\t\t\t\t\t\t\t\t\t\t<\/g>\r\n\t\t\t\t\t\t\t\t\t\t\t\t\t\t\t\t\t<\/svg>\r\n\t\t\t\t\t\t\t\t\t\t\t\t\t\t\t\t<\/a>\r\n\t\t\t\t\t\t\t\t\t\t\t\t\t\t\t<\/div>\r\n\t\t\t\t\t\t\t\t\t\t\t\t\t\t<\/div>\r\n\t\t\t\t\t\t\t\t\t\t\t\t\t\t\t\t\t\t\t\t\t\t\t\t\t\t\t\t\t\t\t\t\t\t\t\t<\/div>\r\n\t\t\t\t\t\t\t\t\t\t\r\n\t\t\t\t\t\t\t\t\t<\/div>\r\n\t\t\t\t\t\t\t\t\t\t\t\t\t\t\t\t\t<div id=\"tab2\"\r\n\t\t\t\t\t\t\t\t\t\tclass=\"tab-2-content \">\r\n\t\t\t\t\t\t\t\t\t\t<p><strong>Medioambiente<\/strong><\/p>\n<p>El puerto ha dejado de ser un espacio de uso exclusivo para los profesionales del transporte de mercanc\u00eda o de viajeros. Ahora tambi\u00e9n forma parte de la ciudad, por lo que es imprescindible aplicar medidas m\u00e1s severas en lo que respecta al cuidado del medioambiente.<\/p>\n<p>El imparable aumento del tr\u00e1fico de viajeros ha llevado a las navieras a tener que adaptarse lo antes posible al anexo VI del convenio Marpol que regula la emisi\u00f3n de gases contaminantes y de residuos de cada crucero.<\/p>\n<p>Esta adaptaci\u00f3n implica tambi\u00e9n un mayor trabajo por parte de los gestores de la Autoridad Portuaria, que son los encargados de convertir este espacio urbano en uno m\u00e1s accesible para los viajeros. El servicio portuario es ahora m\u00e1s r\u00e1pido gracias a la tecnolog\u00eda, pero tambi\u00e9n los cambios en la fisonom\u00eda del puerto han sido tan importantes como necesarios.<\/p>\n<p>La renovaci\u00f3n del calado, para aceptar a buques de mayor tama\u00f1o, la construcci\u00f3n de nuevas terminales de pasajeros y el concepto smart port, que facilita todas las gestiones, han sido aspectos claves para lograr que el puerto de la Ciudad Condal sea tan moderno como sostenible.<\/p>\n<p>La globalizaci\u00f3n exige, por lo tanto, que el puerto deje de ser una especie de anexo al centro hist\u00f3rico para convertirse en un motor comercial que, por supuesto, ha de respetar el medioambiente para facilitar su integraci\u00f3n en el urbanismo de Barcelona. No en vano, tras la profunda renovaci\u00f3n que sufri\u00f3 la ciudad antes de los Juegos Ol\u00edmpicos de 1992, el puerto ha logrado convertirse en uno de los motores econ\u00f3micos m\u00e1s importantes de la econom\u00eda local.<\/p>\n\t\t\t\t\t\t\t\t\t\t\r\n\t\t\t\t\t\t\t\t\t<\/div>\r\n\t\t\t\t\t\t\t\t\t\t\t\t\t\t\t<\/div>\r\n\t\t\t\t\t\t<\/div>\r\n\t\t\t\t\t<\/div>\r\n\t\t\t\t<\/div>\r\n\t\t\t<\/div>\r\n\t\t<\/div>\r\n\t<\/div>\r\n<\/section>","protected":false},"excerpt":{"rendered":"","protected":false},"author":6,"featured_media":0,"parent":0,"menu_order":42,"comment_status":"closed","ping_status":"closed","template":"","meta":{"_acf_changed":false,"footnotes":""},"class_list":["post-6419","page","type-page","status-publish","hentry"],"acf":[],"_links":{"self":[{"href":"https:\/\/bcncruiseport.com\/es\/wp-json\/wp\/v2\/pages\/6419","targetHints":{"allow":["GET"]}}],"collection":[{"href":"https:\/\/bcncruiseport.com\/es\/wp-json\/wp\/v2\/pages"}],"about":[{"href":"https:\/\/bcncruiseport.com\/es\/wp-json\/wp\/v2\/types\/page"}],"author":[{"embeddable":true,"href":"https:\/\/bcncruiseport.com\/es\/wp-json\/wp\/v2\/users\/6"}],"replies":[{"embeddable":true,"href":"https:\/\/bcncruiseport.com\/es\/wp-json\/wp\/v2\/comments?post=6419"}],"version-history":[{"count":15,"href":"https:\/\/bcncruiseport.com\/es\/wp-json\/wp\/v2\/pages\/6419\/revisions"}],"predecessor-version":[{"id":11369,"href":"https:\/\/bcncruiseport.com\/es\/wp-json\/wp\/v2\/pages\/6419\/revisions\/11369"}],"wp:attachment":[{"href":"https:\/\/bcncruiseport.com\/es\/wp-json\/wp\/v2\/media?parent=6419"}],"curies":[{"name":"wp","href":"https:\/\/api.w.org\/{rel}","templated":true}]}}