{"id":6378,"date":"2024-03-10T15:16:14","date_gmt":"2024-03-10T15:16:14","guid":{"rendered":"https:\/\/bcn.globalcruiseports.com\/destination\/short-trips\/"},"modified":"2026-02-17T14:44:51","modified_gmt":"2026-02-17T14:44:51","slug":"viajes-cortos","status":"publish","type":"page","link":"https:\/\/bcncruiseport.com\/es\/destino\/viajes-cortos\/","title":{"rendered":"Viajes cortos"},"content":{"rendered":"\r\n<section class=\"section page page-bg-light \">\r\n\t<style>\r\n                .page-header-bg {\r\n                    background-image: url(https:\/\/bcncruiseport.com\/wp-content\/uploads\/sites\/46\/2025\/03\/short-scaled.jpg);\r\n                    background-size: cover;\r\n                    background-position: center;\r\n                }\r\n\t\t\t\t.hero-content{\r\n\t\t\t\t    top: 50%;\r\n    \t\t\t\tposition: absolute;\r\n    \t\t\t\ttransform: translateY(-50%);\r\n\t\t\t\t}\r\n              <\/style><div class=\"page-header-bg pr\">\t<div class=\"container w100\">\r\n\t\t<div class=\"row flex hero-content\">\r\n\t\t\t<div class=\"cl-12 page-header\">\r\n\t\t\t<h5 class=\"uppercase\">\r\n\tDESTINO >  Viajes cortos<\/h5>\r\n\r\n\t\t\t\t<h1><\/h1>\r\n\t\t\t<\/div>\r\n\t\t<\/div>\r\n\t<\/div>\r\n\t<\/div>\r\n<\/section>\r\n\r\n<div class=\"section-page-top-menu-wrapper\">\r\n\t<nav class=\"menu-class\"><ul id=\"menu-destination-es\" class=\"menu flex align-i-center justify-c-center\"><li id=\"menu-item-6655\" class=\"menu-item menu-item-type-post_type menu-item-object-page menu-item-6655\"><a href=\"https:\/\/bcncruiseport.com\/es\/destino\/eventos\/\">Eventos<\/a><\/li>\n<li id=\"menu-item-6659\" class=\"menu-item menu-item-type-post_type menu-item-object-page menu-item-6659\"><a href=\"https:\/\/bcncruiseport.com\/es\/destino\/principales-atracciones\/\">Principales atracciones<\/a><\/li>\n<li id=\"menu-item-6660\" class=\"menu-item menu-item-type-post_type menu-item-object-page menu-item-6660\"><a href=\"https:\/\/bcncruiseport.com\/es\/destino\/que-comprar\/\">Qu\u00e9 Comprar<\/a><\/li>\n<li id=\"menu-item-6657\" class=\"menu-item menu-item-type-post_type menu-item-object-page menu-item-6657\"><a href=\"https:\/\/bcncruiseport.com\/es\/destino\/viajes-cortos\/\">Viajes cortos<\/a><\/li>\n<li id=\"menu-item-6658\" class=\"menu-item menu-item-type-post_type menu-item-object-page menu-item-6658\"><a href=\"https:\/\/bcncruiseport.com\/es\/destino\/consejos-especiales\/\">Consejos especiales<\/a><\/li>\n<li id=\"menu-item-6656\" class=\"menu-item menu-item-type-post_type menu-item-object-page menu-item-6656\"><a href=\"https:\/\/bcncruiseport.com\/es\/destino\/comprar-y-comer\/\">Comprar y comer<\/a><\/li>\n<\/ul><\/nav><\/div>\r\n\r\n<script>\r\n\tdocument.addEventListener(\"DOMContentLoaded\", function () {\r\n    \/\/ Sadece mobilde \u00e7al\u0131\u015ft\u0131r\r\n    if (window.innerWidth <= 768) {\r\n        var currentMenuItem = document.querySelector(\"#menu-destination .current-menu-item\");\r\n        if (currentMenuItem) {\r\n            currentMenuItem.scrollIntoView({\r\n                behavior: \"smooth\",\r\n                block: \"nearest\",\r\n                inline: \"center\"\r\n            });\r\n        }\r\n    }\r\n});\r\n\r\n<\/script>\r\n\r\n<section class=\"section section-content-title \">\r\n\t<div class=\"container\">\r\n\t\t<div class=\"row flex align-i-center\">\r\n\t\t\t<div class=\"cl-5\">\r\n\t\t\t\t<h3><\/h3>\r\n\t\t\t\t<h2>\r\n\t\t\t\t\tTu gu\u00eda local \t\t\t\t\t<br>\r\n\t\t\t\t\t<span class=\"primary-color\">Viajes cortos<\/span>\r\n\t\t\t\t<\/h2>\r\n\t\t\t<\/div>\r\n\t\t\t<div class=\"cl-7\">\r\n\t\t\t\t<p class=\"grey-color\">Deja que tu gu\u00eda local te lleve a emocionantes excursiones cortas, desde lugares de inter\u00e9s cultural hasta atracciones \u00fanicas y vistas impresionantes. Descubre experiencias que te dejar\u00e1n recuerdos para toda la vida.<\/p>\r\n\t\t\t<\/div>\r\n\t\t<\/div>\r\n\t<\/div>\r\n<\/section>\r\n\r\n<section class=\"destination-posts-wrapper\">\r\n\t<div class=\"container\">\r\n\t\t<div id=\"posts-list-view\">\r\n\t\t\t<div class=\"row flex\">\r\n\t\t\t\t<div class=\"cl-12\">\r\n\t\t\t\t\t\r\n\t\t\t\t\t\t<div id=\"short-trips-container\" class=\"row flex flex-wrap list-posts\">\r\n\t\t\t\t\t\t\t<div class=\"cl-4\" id=\"pID-6295\">\r\n\t<div class=\"item\">\r\n\t\t<div class=\"post-destinations-listing-image\">\r\n\t\t\t<img decoding=\"async\" src=\"https:\/\/bcncruiseport.com\/wp-content\/uploads\/sites\/46\/2025\/09\/awards-2023.png\" alt=\"\" class=\"w100\" \/>\r\n\t\t\t\t\t<\/div>\r\n\t\t\t\t<div class=\"post-destinations-title\" style=\"align-items: start; gap: 20px; min-height: 4rem;\">\r\n\r\n\r\n\r\n\t\t\t<p style=\"max-width: 70%;\">Visitar Barcelona<\/p>\r\n\t\t<div class=\"date\">\r\n\t\t\t0 Horas\r\n\t\t\t<svg xmlns=\"http:\/\/www.w3.org\/2000\/svg\" width=\"20.471\" height=\"20.471\" viewBox=\"0 0 20.471 20.471\"><path id=\"Icon_awesome-clock\" data-name=\"Icon awesome-clock\" d=\"M10.8.563A10.235,10.235,0,1,0,21.033,10.8,10.234,10.234,0,0,0,10.8.563Zm2.357,14.449-3.64-2.646a.5.5,0,0,1-.2-.4V5.02a.5.5,0,0,1,.5-.5h1.981a.5.5,0,0,1,.5.5V10.7L14.9,12.61a.5.5,0,0,1,.107.693l-1.164,1.6A.5.5,0,0,1,13.154,15.012Z\" transform=\"translate(-0.563 -0.563)\" fill=\"#707070\"\/><\/svg>\r\n\t\t<\/div>\r\n\t\t\t\t<\/div>\r\n\r\n\r\n\t\t<div class=\"post-destinations-summary\">\r\n\t\t\tPara m\u00e1s informaci\u00f3n puede visitar nuestros puntos de informaci\u00f3n (GIC). Encontrar\u00e1 uno en cada una de las Terminales de Barcelona Cruise Port.\t\t<\/div>\r\n\t\t\t\t\t<div class=\"post-destinations-learn-more\">\r\n\t\t\t\t<a href=\"https:\/\/bcncruiseport.com\/es\/viajes-cortos\/visit-barcelona\/\" class=\"cta primary-color\">\r\n\t\t\t\t\tM\u00c1S INFORMACI\u00d3N\r\n\t\t\t\t\t<svg xmlns=\"http:\/\/www.w3.org\/2000\/svg\" width=\"12.828\" height=\"12.829\" viewBox=\"0 0 12.828 12.829\">\r\n\t\t\t\t\t\t<g id=\"Icon_feather-arrow-up-right\" data-name=\"Icon feather-arrow-up-right\"\r\n\t\t\t\t\t\t\ttransform=\"translate(-9.086 -9.086)\">\r\n\t\t\t\t\t\t\t<path id=\"Path_3\" data-name=\"Path 3\" d=\"M10.5,20.5l10-10\" fill=\"none\" class=\"primary-stroke\"\r\n\t\t\t\t\t\t\t\tstroke-linecap=\"round\" stroke-linejoin=\"round\" stroke-width=\"2\"><\/path>\r\n\t\t\t\t\t\t\t<path id=\"Path_4\" data-name=\"Path 4\" d=\"M10.5,10.5h10v10\" fill=\"none\" class=\"primary-stroke\"\r\n\t\t\t\t\t\t\t\tstroke-linecap=\"round\" stroke-linejoin=\"round\" stroke-width=\"2\"><\/path>\r\n\t\t\t\t\t\t<\/g>\r\n\t\t\t\t\t<\/svg>\r\n\t\t\t\t<\/a>\r\n\t\t\t<\/div>\r\n\t\t\r\n\t<\/div>\r\n<\/div><div class=\"cl-4\" id=\"pID-6425\">\r\n\t<div class=\"item\">\r\n\t\t<div class=\"post-destinations-listing-image\">\r\n\t\t\t<img decoding=\"async\" src=\"https:\/\/bcncruiseport.com\/wp-content\/uploads\/sites\/46\/2025\/07\/Colon-2-100x100-1-scaled.jpg\" alt=\"\" class=\"w100\" \/>\r\n\t\t\t\t\t<\/div>\r\n\t\t\t\t<div class=\"post-destinations-title\" style=\"align-items: start; gap: 20px; min-height: 4rem;\">\r\n\r\n\r\n\r\n\t\t\t<p style=\"max-width: 70%;\">Una Provechosa Caminata<\/p>\r\n\t\t<div class=\"date\">\r\n\t\t\t4 Horas\r\n\t\t\t<svg xmlns=\"http:\/\/www.w3.org\/2000\/svg\" width=\"20.471\" height=\"20.471\" viewBox=\"0 0 20.471 20.471\"><path id=\"Icon_awesome-clock\" data-name=\"Icon awesome-clock\" d=\"M10.8.563A10.235,10.235,0,1,0,21.033,10.8,10.234,10.234,0,0,0,10.8.563Zm2.357,14.449-3.64-2.646a.5.5,0,0,1-.2-.4V5.02a.5.5,0,0,1,.5-.5h1.981a.5.5,0,0,1,.5.5V10.7L14.9,12.61a.5.5,0,0,1,.107.693l-1.164,1.6A.5.5,0,0,1,13.154,15.012Z\" transform=\"translate(-0.563 -0.563)\" fill=\"#707070\"\/><\/svg>\r\n\t\t<\/div>\r\n\t\t\t\t<\/div>\r\n\r\n\r\n\t\t<div class=\"post-destinations-summary\">\r\n\t\t\tLa visita podr\u00eda comenzarse en el centro de la ciudad, La\u00a0Pla\u00e7a Catalunya. Adem\u00e1s de ser un punto de encuentro tanto para visitantes como para ciudadanos, es uno de los s\u00edmbolos de la capital catalana. Desde esta plaza salen muchos tours para conocer la ciudad, algunos de ellos incluso gratuitos.\t\t<\/div>\r\n\t\t\t\t\t<div class=\"post-destinations-learn-more\">\r\n\t\t\t\t<a href=\"https:\/\/bcncruiseport.com\/es\/viajes-cortos\/a-profitable-walk\/\" class=\"cta primary-color\">\r\n\t\t\t\t\tM\u00c1S INFORMACI\u00d3N\r\n\t\t\t\t\t<svg xmlns=\"http:\/\/www.w3.org\/2000\/svg\" width=\"12.828\" height=\"12.829\" viewBox=\"0 0 12.828 12.829\">\r\n\t\t\t\t\t\t<g id=\"Icon_feather-arrow-up-right\" data-name=\"Icon feather-arrow-up-right\"\r\n\t\t\t\t\t\t\ttransform=\"translate(-9.086 -9.086)\">\r\n\t\t\t\t\t\t\t<path id=\"Path_3\" data-name=\"Path 3\" d=\"M10.5,20.5l10-10\" fill=\"none\" class=\"primary-stroke\"\r\n\t\t\t\t\t\t\t\tstroke-linecap=\"round\" stroke-linejoin=\"round\" stroke-width=\"2\"><\/path>\r\n\t\t\t\t\t\t\t<path id=\"Path_4\" data-name=\"Path 4\" d=\"M10.5,10.5h10v10\" fill=\"none\" class=\"primary-stroke\"\r\n\t\t\t\t\t\t\t\tstroke-linecap=\"round\" stroke-linejoin=\"round\" stroke-width=\"2\"><\/path>\r\n\t\t\t\t\t\t<\/g>\r\n\t\t\t\t\t<\/svg>\r\n\t\t\t\t<\/a>\r\n\t\t\t<\/div>\r\n\t\t\r\n\t<\/div>\r\n<\/div><div class=\"cl-4\" id=\"pID-6426\">\r\n\t<div class=\"item\">\r\n\t\t<div class=\"post-destinations-listing-image\">\r\n\t\t\t<img decoding=\"async\" src=\"https:\/\/bcncruiseport.com\/wp-content\/uploads\/sites\/46\/2025\/07\/shutterstock_227730748.jpg\" alt=\"\" class=\"w100\" \/>\r\n\t\t\t\t\t<\/div>\r\n\t\t\t\t<div class=\"post-destinations-title\" style=\"align-items: start; gap: 20px; min-height: 4rem;\">\r\n\r\n\r\n\r\n\t\t\t<p style=\"max-width: 70%;\">Reflejos de Barcelona<\/p>\r\n\t\t<div class=\"date\">\r\n\t\t\t5 Horas\r\n\t\t\t<svg xmlns=\"http:\/\/www.w3.org\/2000\/svg\" width=\"20.471\" height=\"20.471\" viewBox=\"0 0 20.471 20.471\"><path id=\"Icon_awesome-clock\" data-name=\"Icon awesome-clock\" d=\"M10.8.563A10.235,10.235,0,1,0,21.033,10.8,10.234,10.234,0,0,0,10.8.563Zm2.357,14.449-3.64-2.646a.5.5,0,0,1-.2-.4V5.02a.5.5,0,0,1,.5-.5h1.981a.5.5,0,0,1,.5.5V10.7L14.9,12.61a.5.5,0,0,1,.107.693l-1.164,1.6A.5.5,0,0,1,13.154,15.012Z\" transform=\"translate(-0.563 -0.563)\" fill=\"#707070\"\/><\/svg>\r\n\t\t<\/div>\r\n\t\t\t\t<\/div>\r\n\r\n\r\n\t\t<div class=\"post-destinations-summary\">\r\n\t\t\tEl completo recorrido por la Barcelona m\u00e1s entra\u00f1able podr\u00eda empezarse en el Parque G\u00fcell, dise\u00f1ado por Gaud\u00ed. Est\u00e1 compuesto por diferentes pabellones y jardines que inspiran el m\u00e1s puro estilo modernista de Catalunya.\t\t<\/div>\r\n\t\t\t\t\t<div class=\"post-destinations-learn-more\">\r\n\t\t\t\t<a href=\"https:\/\/bcncruiseport.com\/es\/viajes-cortos\/barcelona-highlights\/\" class=\"cta primary-color\">\r\n\t\t\t\t\tM\u00c1S INFORMACI\u00d3N\r\n\t\t\t\t\t<svg xmlns=\"http:\/\/www.w3.org\/2000\/svg\" width=\"12.828\" height=\"12.829\" viewBox=\"0 0 12.828 12.829\">\r\n\t\t\t\t\t\t<g id=\"Icon_feather-arrow-up-right\" data-name=\"Icon feather-arrow-up-right\"\r\n\t\t\t\t\t\t\ttransform=\"translate(-9.086 -9.086)\">\r\n\t\t\t\t\t\t\t<path id=\"Path_3\" data-name=\"Path 3\" d=\"M10.5,20.5l10-10\" fill=\"none\" class=\"primary-stroke\"\r\n\t\t\t\t\t\t\t\tstroke-linecap=\"round\" stroke-linejoin=\"round\" stroke-width=\"2\"><\/path>\r\n\t\t\t\t\t\t\t<path id=\"Path_4\" data-name=\"Path 4\" d=\"M10.5,10.5h10v10\" fill=\"none\" class=\"primary-stroke\"\r\n\t\t\t\t\t\t\t\tstroke-linecap=\"round\" stroke-linejoin=\"round\" stroke-width=\"2\"><\/path>\r\n\t\t\t\t\t\t<\/g>\r\n\t\t\t\t\t<\/svg>\r\n\t\t\t\t<\/a>\r\n\t\t\t<\/div>\r\n\t\t\r\n\t<\/div>\r\n<\/div>\t\t\t\t\t\t<\/div>\r\n\t\t\t\t\t\t<!--\r\n\t\t\t\t\t\t<div id=\"load-more-container\">\r\n\t\t\t\t\t\t\t<button id=\"load-more-button\">LOAD MORE<\/button>\r\n\t\t\t\t\t\t<\/div>\r\n\t\t\t\t\t\t-->\r\n\r\n\t\t\t\t\t\t<script>\r\n\t\t\t\t\t\t\tjQuery(function($) {\r\n\t\t\t\t\t\t\t\tvar page = 1;\r\n\t\t\t\t\t\t\t\t$('#load-more-button').on('click', function() {\r\n\t\t\t\t\t\t\t\t\tpage++;\r\n\t\t\t\t\t\t\t\t\tvar data = {\r\n\t\t\t\t\t\t\t\t\t\t'action': 'load_more_shop_dine',\r\n\t\t\t\t\t\t\t\t\t\t'page': page,\r\n\t\t\t\t\t\t\t\t\t};\r\n\t\t\t\t\t\t\t\t\t$.post('https:\/\/bcncruiseport.com\/wp-admin\/admin-ajax.php', data, function(response) {\r\n\t\t\t\t\t\t\t\t\t\t$('#top-attractions-container').append(response);\r\n\t\t\t\t\t\t\t\t\t\tif (response == '') {\r\n\t\t\t\t\t\t\t\t\t\t\t$('#load-more-button').hide();\r\n\t\t\t\t\t\t\t\t\t\t}\r\n\t\t\t\t\t\t\t\t\t});\r\n\t\t\t\t\t\t\t\t});\r\n\t\t\t\t\t\t\t});\r\n\t\t\t\t\t\t<\/script>\r\n\r\n\t\t\t\t\t\r\n\t\t\t\t<\/div>\r\n\t\t\t<\/div>\r\n\t\t<\/div>\r\n\t<\/div>\r\n<\/section>\r\n\r\n\n\n\r\n\r\n\t<section class=\"section section-content-title section-destinations-others-slider-row footer-space-mr \">\r\n\t\t<div class=\"container\">\r\n\t\t\t<div class=\"row flex align-i-center\">\r\n\t\t\t\t<div class=\"cl-5\">\r\n\t\t\t\t\t\t\t\t\t\t\t<h3>M\u00c1S POR DESCUBRIR<\/h3>\r\n\t\t\t\t\t\t\t\t\t\t<h2>\r\n\t\t\t\t\t\tVamos de compras\t\t\t\t\t\t<br>\r\n\t\t\t\t\t\t<span class=\"primary-color\">Qu\u00e9 comprar<\/span>\r\n\t\t\t\t\t<\/h2>\r\n\t\t\t\t<\/div>\r\n\t\t\t\t<div class=\"cl-7\">\r\n\t\t\t\t\t<p class=\"grey-color\">Descubre una amplia variedad de productos locales, tesoros artesanales y regalos \u00fanicos que capturan el esp\u00edritu de la zona.<\/p>\r\n\t\t\t\t<\/div>\r\n\t\t\t<\/div>\r\n\t\t\t<div class=\"row flex align-i-center destination-other-posts-wrapper\">\r\n\t\t\t\t\r\n\t\t\t\t\t\t\t\t\t\t\t\t<div class=\"cl-4\" id=\"pID-6259\">\r\n\t\t\t\t\t\t\t<div class=\"item\">\r\n\t\t\t\t\t\t\t\t<div class=\"post-destinations-listing-image\">\r\n\t\t\t\t\t\t\t\t\t<img decoding=\"async\" src=\"https:\/\/bcncruiseport.com\/wp-content\/uploads\/sites\/46\/2025\/07\/espardesyes-kapak.png\" alt=\"\" class=\"w100\" \/>\r\n\t\t\t\t\t\t\t\t\t\t\t\t\t\t\t\t\t<\/div>\r\n\t\t\t\t\t\t\t\t<div class=\"post-destinations-title\">\r\n\t\t\t\t\t\t\t\t\tEspardenyes\t\t\t\t\t\t\t\t<\/div>\r\n\t\t\t\t\t\t\t\t<div class=\"post-destinations-learn-more\">\r\n\t\t\t\t\t\t\t\t\t<a href=\"https:\/\/bcncruiseport.com\/es\/que-comprar\/espardenyes\/\" class=\"cta primary-color\">\r\n\t\t\t\t\t\t\t\t\t\tM\u00c1S INFORMACI\u00d3N\t\t\t\t\t\t\t\t\t\t<svg xmlns=\"http:\/\/www.w3.org\/2000\/svg\" width=\"12.828\" height=\"12.829\" viewBox=\"0 0 12.828 12.829\">\r\n\t\t\t\t\t\t\t\t\t\t\t<g id=\"Icon_feather-arrow-up-right\" data-name=\"Icon feather-arrow-up-right\" transform=\"translate(-9.086 -9.086)\">\r\n\t\t\t\t\t\t\t\t\t\t\t\t<path id=\"Path_3\" data-name=\"Path 3\" d=\"M10.5,20.5l10-10\" fill=\"none\" class=\"primary-stroke\" stroke-linecap=\"round\" stroke-linejoin=\"round\" stroke-width=\"2\"><\/path>\r\n\t\t\t\t\t\t\t\t\t\t\t\t<path id=\"Path_4\" data-name=\"Path 4\" d=\"M10.5,10.5h10v10\" fill=\"none\" class=\"primary-stroke\" stroke-linecap=\"round\" stroke-linejoin=\"round\" stroke-width=\"2\"><\/path>\r\n\t\t\t\t\t\t\t\t\t\t\t<\/g>\r\n\t\t\t\t\t\t\t\t\t\t<\/svg>\r\n\t\t\t\t\t\t\t\t\t<\/a>\r\n\t\t\t\t\t\t\t\t<\/div>\r\n\t\t\t\t\t\t\t<\/div>\r\n\t\t\t\t\t\t<\/div>\r\n\r\n\t\t\t\t\r\n\t\t\t\t\t\t\t\t\t\t\t\t<div class=\"cl-4\" id=\"pID-6258\">\r\n\t\t\t\t\t\t\t<div class=\"item\">\r\n\t\t\t\t\t\t\t\t<div class=\"post-destinations-listing-image\">\r\n\t\t\t\t\t\t\t\t\t<img decoding=\"async\" src=\"https:\/\/bcncruiseport.com\/wp-content\/uploads\/sites\/46\/2025\/07\/oil-kapak.png\" alt=\"\" class=\"w100\" \/>\r\n\t\t\t\t\t\t\t\t\t\t\t\t\t\t\t\t\t<\/div>\r\n\t\t\t\t\t\t\t\t<div class=\"post-destinations-title\">\r\n\t\t\t\t\t\t\t\t\tOli d&#8217;oliva\t\t\t\t\t\t\t\t<\/div>\r\n\t\t\t\t\t\t\t\t<div class=\"post-destinations-learn-more\">\r\n\t\t\t\t\t\t\t\t\t<a href=\"https:\/\/bcncruiseport.com\/es\/que-comprar\/oli-doliva\/\" class=\"cta primary-color\">\r\n\t\t\t\t\t\t\t\t\t\tM\u00c1S INFORMACI\u00d3N\t\t\t\t\t\t\t\t\t\t<svg xmlns=\"http:\/\/www.w3.org\/2000\/svg\" width=\"12.828\" height=\"12.829\" viewBox=\"0 0 12.828 12.829\">\r\n\t\t\t\t\t\t\t\t\t\t\t<g id=\"Icon_feather-arrow-up-right\" data-name=\"Icon feather-arrow-up-right\" transform=\"translate(-9.086 -9.086)\">\r\n\t\t\t\t\t\t\t\t\t\t\t\t<path id=\"Path_3\" data-name=\"Path 3\" d=\"M10.5,20.5l10-10\" fill=\"none\" class=\"primary-stroke\" stroke-linecap=\"round\" stroke-linejoin=\"round\" stroke-width=\"2\"><\/path>\r\n\t\t\t\t\t\t\t\t\t\t\t\t<path id=\"Path_4\" data-name=\"Path 4\" d=\"M10.5,10.5h10v10\" fill=\"none\" class=\"primary-stroke\" stroke-linecap=\"round\" stroke-linejoin=\"round\" stroke-width=\"2\"><\/path>\r\n\t\t\t\t\t\t\t\t\t\t\t<\/g>\r\n\t\t\t\t\t\t\t\t\t\t<\/svg>\r\n\t\t\t\t\t\t\t\t\t<\/a>\r\n\t\t\t\t\t\t\t\t<\/div>\r\n\t\t\t\t\t\t\t<\/div>\r\n\t\t\t\t\t\t<\/div>\r\n\r\n\t\t\t\t\r\n\t\t\t\t\t\t\t\t\t\t\t\t<div class=\"cl-4\" id=\"pID-6257\">\r\n\t\t\t\t\t\t\t<div class=\"item\">\r\n\t\t\t\t\t\t\t\t<div class=\"post-destinations-listing-image\">\r\n\t\t\t\t\t\t\t\t\t<img decoding=\"async\" src=\"https:\/\/bcncruiseport.com\/wp-content\/uploads\/sites\/46\/2025\/07\/cava-kapak.png\" alt=\"\" class=\"w100\" \/>\r\n\t\t\t\t\t\t\t\t\t\t\t\t\t\t\t\t\t<\/div>\r\n\t\t\t\t\t\t\t\t<div class=\"post-destinations-title\">\r\n\t\t\t\t\t\t\t\t\tCava Brut Nature\t\t\t\t\t\t\t\t<\/div>\r\n\t\t\t\t\t\t\t\t<div class=\"post-destinations-learn-more\">\r\n\t\t\t\t\t\t\t\t\t<a href=\"https:\/\/bcncruiseport.com\/es\/que-comprar\/cava-brut-nature\/\" class=\"cta primary-color\">\r\n\t\t\t\t\t\t\t\t\t\tM\u00c1S INFORMACI\u00d3N\t\t\t\t\t\t\t\t\t\t<svg xmlns=\"http:\/\/www.w3.org\/2000\/svg\" width=\"12.828\" height=\"12.829\" viewBox=\"0 0 12.828 12.829\">\r\n\t\t\t\t\t\t\t\t\t\t\t<g id=\"Icon_feather-arrow-up-right\" data-name=\"Icon feather-arrow-up-right\" transform=\"translate(-9.086 -9.086)\">\r\n\t\t\t\t\t\t\t\t\t\t\t\t<path id=\"Path_3\" data-name=\"Path 3\" d=\"M10.5,20.5l10-10\" fill=\"none\" class=\"primary-stroke\" stroke-linecap=\"round\" stroke-linejoin=\"round\" stroke-width=\"2\"><\/path>\r\n\t\t\t\t\t\t\t\t\t\t\t\t<path id=\"Path_4\" data-name=\"Path 4\" d=\"M10.5,10.5h10v10\" fill=\"none\" class=\"primary-stroke\" stroke-linecap=\"round\" stroke-linejoin=\"round\" stroke-width=\"2\"><\/path>\r\n\t\t\t\t\t\t\t\t\t\t\t<\/g>\r\n\t\t\t\t\t\t\t\t\t\t<\/svg>\r\n\t\t\t\t\t\t\t\t\t<\/a>\r\n\t\t\t\t\t\t\t\t<\/div>\r\n\t\t\t\t\t\t\t<\/div>\r\n\t\t\t\t\t\t<\/div>\r\n\r\n\t\t\t\t\r\n\t\t\t\t\t\t\t\t\t\t\t\t<div class=\"cl-4\" id=\"pID-6256\">\r\n\t\t\t\t\t\t\t<div class=\"item\">\r\n\t\t\t\t\t\t\t\t<div class=\"post-destinations-listing-image\">\r\n\t\t\t\t\t\t\t\t\t<img decoding=\"async\" src=\"https:\/\/bcncruiseport.com\/wp-content\/uploads\/sites\/46\/2025\/07\/catalan-kapak.png\" alt=\"\" class=\"w100\" \/>\r\n\t\t\t\t\t\t\t\t\t\t\t\t\t\t\t\t\t<\/div>\r\n\t\t\t\t\t\t\t\t<div class=\"post-destinations-title\">\r\n\t\t\t\t\t\t\t\t\tEmbutidos y quesos catalanes\t\t\t\t\t\t\t\t<\/div>\r\n\t\t\t\t\t\t\t\t<div class=\"post-destinations-learn-more\">\r\n\t\t\t\t\t\t\t\t\t<a href=\"https:\/\/bcncruiseport.com\/es\/que-comprar\/embutidos-y-quesos-catalanes\/\" class=\"cta primary-color\">\r\n\t\t\t\t\t\t\t\t\t\tM\u00c1S INFORMACI\u00d3N\t\t\t\t\t\t\t\t\t\t<svg xmlns=\"http:\/\/www.w3.org\/2000\/svg\" width=\"12.828\" height=\"12.829\" viewBox=\"0 0 12.828 12.829\">\r\n\t\t\t\t\t\t\t\t\t\t\t<g id=\"Icon_feather-arrow-up-right\" data-name=\"Icon feather-arrow-up-right\" transform=\"translate(-9.086 -9.086)\">\r\n\t\t\t\t\t\t\t\t\t\t\t\t<path id=\"Path_3\" data-name=\"Path 3\" d=\"M10.5,20.5l10-10\" fill=\"none\" class=\"primary-stroke\" stroke-linecap=\"round\" stroke-linejoin=\"round\" stroke-width=\"2\"><\/path>\r\n\t\t\t\t\t\t\t\t\t\t\t\t<path id=\"Path_4\" data-name=\"Path 4\" d=\"M10.5,10.5h10v10\" fill=\"none\" class=\"primary-stroke\" stroke-linecap=\"round\" stroke-linejoin=\"round\" stroke-width=\"2\"><\/path>\r\n\t\t\t\t\t\t\t\t\t\t\t<\/g>\r\n\t\t\t\t\t\t\t\t\t\t<\/svg>\r\n\t\t\t\t\t\t\t\t\t<\/a>\r\n\t\t\t\t\t\t\t\t<\/div>\r\n\t\t\t\t\t\t\t<\/div>\r\n\t\t\t\t\t\t<\/div>\r\n\r\n\t\t\t\t\r\n\t\t\t<\/div>\r\n\t\t<\/div>\r\n\t<\/section>\r\n","protected":false},"excerpt":{"rendered":"","protected":false},"author":1,"featured_media":0,"parent":6372,"menu_order":66,"comment_status":"closed","ping_status":"closed","template":"","meta":{"_acf_changed":false,"footnotes":""},"class_list":["post-6378","page","type-page","status-publish","hentry"],"acf":[],"_links":{"self":[{"href":"https:\/\/bcncruiseport.com\/es\/wp-json\/wp\/v2\/pages\/6378","targetHints":{"allow":["GET"]}}],"collection":[{"href":"https:\/\/bcncruiseport.com\/es\/wp-json\/wp\/v2\/pages"}],"about":[{"href":"https:\/\/bcncruiseport.com\/es\/wp-json\/wp\/v2\/types\/page"}],"author":[{"embeddable":true,"href":"https:\/\/bcncruiseport.com\/es\/wp-json\/wp\/v2\/users\/1"}],"replies":[{"embeddable":true,"href":"https:\/\/bcncruiseport.com\/es\/wp-json\/wp\/v2\/comments?post=6378"}],"version-history":[{"count":8,"href":"https:\/\/bcncruiseport.com\/es\/wp-json\/wp\/v2\/pages\/6378\/revisions"}],"predecessor-version":[{"id":11402,"href":"https:\/\/bcncruiseport.com\/es\/wp-json\/wp\/v2\/pages\/6378\/revisions\/11402"}],"up":[{"embeddable":true,"href":"https:\/\/bcncruiseport.com\/es\/wp-json\/wp\/v2\/pages\/6372"}],"wp:attachment":[{"href":"https:\/\/bcncruiseport.com\/es\/wp-json\/wp\/v2\/media?parent=6378"}],"curies":[{"name":"wp","href":"https:\/\/api.w.org\/{rel}","templated":true}]}}