{"id":6374,"date":"2024-03-10T15:17:14","date_gmt":"2024-03-10T15:17:14","guid":{"rendered":"https:\/\/bcn.globalcruiseports.com\/destination\/shop-dine\/"},"modified":"2026-02-17T14:45:22","modified_gmt":"2026-02-17T14:45:22","slug":"comprar-y-comer","status":"publish","type":"page","link":"https:\/\/bcncruiseport.com\/es\/destino\/comprar-y-comer\/","title":{"rendered":"Comprar y comer"},"content":{"rendered":"\r\n<section class=\"section page page-bg-light \">\r\n\t<style>\r\n                .page-header-bg {\r\n                    background-image: url(https:\/\/bcncruiseport.com\/wp-content\/uploads\/sites\/46\/2025\/03\/shop-ddine-scaled.jpg);\r\n                    background-size: cover;\r\n                    background-position: center;\r\n                }\r\n\t\t\t\t.hero-content{\r\n\t\t\t\t    top: 50%;\r\n    \t\t\t\tposition: absolute;\r\n    \t\t\t\ttransform: translateY(-50%);\r\n\t\t\t\t}\r\n              <\/style><div class=\"page-header-bg pr\">\t<div class=\"container w100\">\r\n\t\t<div class=\"row flex hero-content\">\r\n\t\t\t<div class=\"cl-12 page-header\">\r\n\t\t\t\t<h5 class=\"uppercase\">\r\n\t\t\t\t\tDESTINO >  Comprar y comer\t\t\t\t<\/h5>\r\n\r\n\t\t\t\t<h1><\/h1>\r\n\t\t\t<\/div>\r\n\t\t<\/div>\r\n\t<\/div>\r\n\t<\/div>\r\n<\/section>\r\n\r\n<div class=\"section-page-top-menu-wrapper\">\r\n\t<nav class=\"menu-class\"><ul id=\"menu-destination-es\" class=\"menu flex align-i-center justify-c-center\"><li id=\"menu-item-6655\" class=\"menu-item menu-item-type-post_type menu-item-object-page menu-item-6655\"><a href=\"https:\/\/bcncruiseport.com\/es\/destino\/eventos\/\">Eventos<\/a><\/li>\n<li id=\"menu-item-6659\" class=\"menu-item menu-item-type-post_type menu-item-object-page menu-item-6659\"><a href=\"https:\/\/bcncruiseport.com\/es\/destino\/principales-atracciones\/\">Principales atracciones<\/a><\/li>\n<li id=\"menu-item-6660\" class=\"menu-item menu-item-type-post_type menu-item-object-page menu-item-6660\"><a href=\"https:\/\/bcncruiseport.com\/es\/destino\/que-comprar\/\">Qu\u00e9 Comprar<\/a><\/li>\n<li id=\"menu-item-6657\" class=\"menu-item menu-item-type-post_type menu-item-object-page menu-item-6657\"><a href=\"https:\/\/bcncruiseport.com\/es\/destino\/viajes-cortos\/\">Viajes cortos<\/a><\/li>\n<li id=\"menu-item-6658\" class=\"menu-item menu-item-type-post_type menu-item-object-page menu-item-6658\"><a href=\"https:\/\/bcncruiseport.com\/es\/destino\/consejos-especiales\/\">Consejos especiales<\/a><\/li>\n<li id=\"menu-item-6656\" class=\"menu-item menu-item-type-post_type menu-item-object-page menu-item-6656\"><a href=\"https:\/\/bcncruiseport.com\/es\/destino\/comprar-y-comer\/\">Comprar y comer<\/a><\/li>\n<\/ul><\/nav><\/div>\r\n\r\n<section class=\"section section-content-title \">\r\n\t<div class=\"container\">\r\n\t\t<div class=\"row flex align-i-center\">\r\n\t\t\t<div class=\"cl-5\">\r\n\t\t\t\t<h3><\/h3>\r\n\t\t\t\t<h2>\r\n\t\t\t\t\tVamos a comer\t\t\t\t\t<br>\r\n\t\t\t\t\t<span class=\"primary-color\" >\r\n\t\t\t\t\t\tComprar y comer\t\t\t\t\t<\/span>\r\n\t\t\t\t<\/h2>\r\n\t\t\t<\/div>\r\n\t\t\t<div class=\"cl-7\">\r\n\t\t\t\t<p class=\"grey-color\">Explora las tiendas locales que ofrecen hallazgos \u00fanicos para todos los gustos y estilos, y luego disfruta de sabores aut\u00e9nticos en restaurantes con encanto y bares animados.<\/p>\r\n\t\t\t<\/div>\r\n\t\t<\/div>\r\n\t<\/div>\r\n<\/section>\r\n\r\n<section class=\"destination-posts-wrapper\" id=\"shop-dine-wrapper\">\r\n\t<div class=\"container\">\r\n\t\t\t\t\t<div class=\"row flex posts-view-toolbar\">\r\n\t\t\t\t<div class=\"cl-7 flex\">\r\n\t\t\t\t\r\n\r\n\r\n\t\t\t\t<\/div>\r\n\r\n\t\t\t\t<div class=\"cl-5\">\r\n\t\t\t\t\t\r\n\t\t\t\t\t<ul class=\"flex justify-c-end\">\r\n\t\t\t\t\t\t<li class=\"flex align-i-center active open-list-view\"><img\r\n\t\t\t\t\t\t\tsrc=\"https:\/\/bcncruiseport.com\/wp-content\/themes\/mbcglobalports\/assets\/img\/icon-list-view.svg\"\r\n\t\t\t\t\t\t\talt=\"\" \/>Vista de lista<\/li>\r\n\t\t\t\t\t\t<li class=\"flex align-i-center open-map-view\"><img\r\n\t\t\t\t\t\t\tsrc=\"https:\/\/bcncruiseport.com\/wp-content\/themes\/mbcglobalports\/assets\/img\/icon-map-view.svg\"\r\n\t\t\t\t\t\t\talt=\"\" \/>Vista de mapa<\/li>\r\n\t\t\t\t\t<\/ul>\r\n\t\t\t\t<\/div>\r\n\t\t\t<\/div>\r\n\t\t\r\n\t\t<div id=\"posts-list-view\">\r\n\t\t\t<div id=\"shop-and-dine-container\" class=\"row flex flex-wrap list-posts\">\r\n\t\t\t<\/div>\r\n\t\t<\/div>\r\n\r\n\t\t<div id=\"posts-map-view\">\r\n\t\t\t<div class=\"row flex\">\r\n\t\t\t\t<div class=\"cl-4\">\r\n\t\t\t\t\t<div class=\"posts-map-view-wrapper posts-top-attractions\">\r\n\t\t\t\t\t\t<div class=\"scrollbar-inner\">\r\n\t\t\t\t\t\t\t\t\t\t\t\t\t\t\t<div id=\"top-attractions-container\">\r\n\t\t\t\t\t\t\t\t\t<div class=\"flex flex-wrap list-posts\">\r\n\t\t\t\t\t\t\t\t\t\t<div class=\"cl-4\" id=\"pID-7453\">\r\n\t<div class=\"item\">\r\n\t\t<div class=\"post-destinations-listing-image\">\r\n\t\t\t<img decoding=\"async\" src=\"https:\/\/bcncruiseport.com\/wp-content\/uploads\/sites\/46\/2025\/07\/retailA.jpg\" alt=\"\" class=\"w100\" \/>\r\n\t\t\t\t\t<\/div>\r\n\t\t<div class=\"post-destinations-title\">\r\n\t\t\tDuty Free\t\t<\/div>\r\n\t\t<div class=\"post-destinations-summary\">\r\n\t\t\tTerminal A\t\t<\/div>\r\n\t\t<!--<div class=\"post-destinations-shop-dine-attrs\">\r\n\t\t\t<p><span>Phone :<\/span> +356 21239017<\/p>\r\n\t\t\t<p><span>Website:<\/span> www.jildaleather.eu<\/p>\r\n\t\t<\/div>-->\r\n\t\t\t\t\t<div class=\"post-destinations-learn-more\">\r\n\t\t\t\t<a href=\"https:\/\/bcncruiseport.com\/es\/comprar-y-comer\/duty-free\/\" class=\"cta primary-color\">\r\n\t\t\t\t\tM\u00c1S INFORMACI\u00d3N\r\n\t\t\t\t\t<svg xmlns=\"http:\/\/www.w3.org\/2000\/svg\" width=\"12.828\" height=\"12.829\" viewBox=\"0 0 12.828 12.829\">\r\n\t\t\t\t\t\t<g id=\"Icon_feather-arrow-up-right\" data-name=\"Icon feather-arrow-up-right\"\r\n\t\t\t\t\t\t\ttransform=\"translate(-9.086 -9.086)\">\r\n\t\t\t\t\t\t\t<path id=\"Path_3\" data-name=\"Path 3\" d=\"M10.5,20.5l10-10\" fill=\"none\" class=\"primary-stroke\"\r\n\t\t\t\t\t\t\t\tstroke-linecap=\"round\" stroke-linejoin=\"round\" stroke-width=\"2\"><\/path>\r\n\t\t\t\t\t\t\t<path id=\"Path_4\" data-name=\"Path 4\" d=\"M10.5,10.5h10v10\" fill=\"none\" class=\"primary-stroke\"\r\n\t\t\t\t\t\t\t\tstroke-linecap=\"round\" stroke-linejoin=\"round\" stroke-width=\"2\"><\/path>\r\n\t\t\t\t\t\t<\/g>\r\n\t\t\t\t\t<\/svg>\r\n\t\t\t\t<\/a>\r\n\t\t\t<\/div>\r\n\t\t\t<\/div>\r\n<\/div><div class=\"cl-4\" id=\"pID-7454\">\r\n\t<div class=\"item\">\r\n\t\t<div class=\"post-destinations-listing-image\">\r\n\t\t\t<img decoding=\"async\" src=\"https:\/\/bcncruiseport.com\/wp-content\/uploads\/sites\/46\/2025\/07\/retailB.jpg\" alt=\"\" class=\"w100\" \/>\r\n\t\t\t\t\t<\/div>\r\n\t\t<div class=\"post-destinations-title\">\r\n\t\t\tDuty Free\t\t<\/div>\r\n\t\t<div class=\"post-destinations-summary\">\r\n\t\t\tTerminal B\t\t<\/div>\r\n\t\t<!--<div class=\"post-destinations-shop-dine-attrs\">\r\n\t\t\t<p><span>Phone :<\/span> +356 21239017<\/p>\r\n\t\t\t<p><span>Website:<\/span> www.jildaleather.eu<\/p>\r\n\t\t<\/div>-->\r\n\t\t\t\t\t<div class=\"post-destinations-learn-more\">\r\n\t\t\t\t<a href=\"https:\/\/bcncruiseport.com\/es\/comprar-y-comer\/duty-free-2\/\" class=\"cta primary-color\">\r\n\t\t\t\t\tM\u00c1S INFORMACI\u00d3N\r\n\t\t\t\t\t<svg xmlns=\"http:\/\/www.w3.org\/2000\/svg\" width=\"12.828\" height=\"12.829\" viewBox=\"0 0 12.828 12.829\">\r\n\t\t\t\t\t\t<g id=\"Icon_feather-arrow-up-right\" data-name=\"Icon feather-arrow-up-right\"\r\n\t\t\t\t\t\t\ttransform=\"translate(-9.086 -9.086)\">\r\n\t\t\t\t\t\t\t<path id=\"Path_3\" data-name=\"Path 3\" d=\"M10.5,20.5l10-10\" fill=\"none\" class=\"primary-stroke\"\r\n\t\t\t\t\t\t\t\tstroke-linecap=\"round\" stroke-linejoin=\"round\" stroke-width=\"2\"><\/path>\r\n\t\t\t\t\t\t\t<path id=\"Path_4\" data-name=\"Path 4\" d=\"M10.5,10.5h10v10\" fill=\"none\" class=\"primary-stroke\"\r\n\t\t\t\t\t\t\t\tstroke-linecap=\"round\" stroke-linejoin=\"round\" stroke-width=\"2\"><\/path>\r\n\t\t\t\t\t\t<\/g>\r\n\t\t\t\t\t<\/svg>\r\n\t\t\t\t<\/a>\r\n\t\t\t<\/div>\r\n\t\t\t<\/div>\r\n<\/div>\t\t\t\t\t\t\t\t\t<\/div>\r\n\t\t\t\t\t\t\t\t<\/div>\r\n\t\t\t\t\t\t\t\t<script>\r\n\t\t\t\t\t\t\t\t\tjQuery(function($) {\r\n\t\t\t\t\t\t\t\t\t\tvar page = 1;\r\n\t\t\t\t\t\t\t\t\t\t$('#load-more-button').on('click', function() {\r\n\t\t\t\t\t\t\t\t\t\t\tpage++;\r\n\t\t\t\t\t\t\t\t\t\t\tvar data = {\r\n\t\t\t\t\t\t\t\t\t\t\t\t'action': 'load_more_shop_dine',\r\n\t\t\t\t\t\t\t\t\t\t\t\t'page': page,\r\n\t\t\t\t\t\t\t\t\t\t\t};\r\n\t\t\t\t\t\t\t\t\t\t\t$.post('https:\/\/bcncruiseport.com\/wp-admin\/admin-ajax.php', data, function(response) {\r\n\t\t\t\t\t\t\t\t\t\t\t\t$('#shop-dine-container').append(response);\r\n\t\t\t\t\t\t\t\t\t\t\t\tif (response == '') {\r\n\t\t\t\t\t\t\t\t\t\t\t\t\t$('#load-more-button').hide();\r\n\t\t\t\t\t\t\t\t\t\t\t\t}\r\n\t\t\t\t\t\t\t\t\t\t\t});\r\n\t\t\t\t\t\t\t\t\t\t});\r\n\t\t\t\t\t\t\t\t\t});\r\n\t\t\t\t\t\t\t\t<\/script>\r\n\r\n\t\t\t\t\t\t\t\t\t\t\t\t\t<\/div>\r\n\t\t\t\t\t<\/div>\r\n\t\t\t\t<\/div>\r\n\t\t\t\t<div class=\"cl-8 posts-map-wrapper\">\r\n\t\t\t\t\t<div id=\"map\"><\/div>\r\n\t\t\t\t<\/div>\r\n\t\t\t<\/div>\r\n\t\t<\/div>\r\n\r\n\t<\/div>\r\n<\/section>\r\n<script>\r\n\tjQuery(function ($) {\r\n\t\t$('.open-map-view').on('click', function () {\r\n\t\t\t$('#posts-list-view').hide();\r\n\t\t\t$('#posts-map-view').show();\r\n\t\t\t$('.open-map-view').addClass('active');\r\n\t\t\t$('.open-list-view').removeClass('active');\r\n\t\t});\r\n\r\n\t\t$('.open-list-view').on('click', function () {\r\n\t\t\t$('#posts-list-view').show();\r\n\t\t\t$('#posts-map-view').hide();\r\n\t\t\t$('.open-map-view').removeClass('active');\r\n\t\t\t$('.open-list-view').addClass('active');\r\n\t\t});\r\n\t});\r\n<\/script>\r\n\r\n<script>\r\n\tjQuery(function ($) {\r\n\t\tfunction reloadSlider() {\r\n\t\t\tconst shopDineCategory = $('input[name=shop_dine_category]:checked').val() || '';\r\n\t\t\tconst location = $('input[name=location]:checked').val() || 'all';\r\n\r\n\t\t\t\/\/ Site 68 \u00d6zel Filtreleri\r\n\t\t\tconst searchTerm = $('#shop-dine-search').val() || '';\r\n\t\t\tconst sortOrder = $('#shop-dine-sort').val() || 'az';\r\n\r\n\t\t\t$.ajax({\r\n\t\t\t\turl: 'https:\/\/bcncruiseport.com\/wp-admin\/admin-ajax.php',\r\n\t\t\t\ttype: 'POST',\r\n\t\t\t\tdata: {\r\n\t\t\t\t\taction: 'filter_shop_dine_posts',\r\n\t\t\t\t\tsite_id: ($('#site_id').val() || ''),\r\n\t\t\t\t\tshop_dine_category: shopDineCategory,\r\n\t\t\t\t\tlocation: location,\r\n\t\t\t\t\tsearch: searchTerm,\r\n\t\t\t\t\tsort: sortOrder\r\n\t\t\t\t},\r\n\t\t\t\tbeforeSend: function () {\r\n\t\t\t\t\t\/\/ Opsiyonel: Y\u00fckleniyor ikonu eklenebilir\r\n\t\t\t\t},\r\n\t\t\t\tsuccess: function (response) {\r\n\t\t\t\t\t$('.list-posts').html(response);\r\n\t\t\t\t\tif (typeof clearMarkers === \"function\") clearMarkers();\r\n\t\t\t\t}\r\n\t\t\t});\r\n\t\t}\r\n\r\n\t\t\/\/ Filtre De\u011fi\u015fimlerini \u0130zle\r\n\t\t$('input[name=shop_dine_category], input[name=location]').on('change', reloadSlider);\r\n\r\n\t\t\r\n\t\t\/\/ Sayfa a\u00e7\u0131l\u0131\u015f\u0131nda \u00e7al\u0131\u015ft\u0131r\r\n\t\t$(document).ready(function () {\r\n\t\t\treloadSlider();\r\n\t\t});\r\n\r\n\t\t\/\/ Harita \u00fczerinde yeniden marker olu\u015fturma fonksiyonu (\u00f6rnek stub, ger\u00e7ek markerlar burada olu\u015fturulmal\u0131)\r\n\t\twindow.rebuildMap = function (responseHtml) {\r\n\t\t\t\/\/ Bu \u00f6rnekte server'dan response i\u00e7inde marker verisi d\u00f6nmedi\u011fi i\u00e7in burada haritay\u0131 yeniden \u00e7izmen gerekecek.\r\n\t\t\t\/\/ E\u011fer marker verisini ayr\u0131 JSON response olarak almak istersen, backend'de marker bilgilerini JSON olarak da d\u00f6nebiliriz.\r\n\t\t\tconsole.log('Rebuild map with response (not implemented):', responseHtml);\r\n\t\t\t\/\/ TODO: Marker verisiyle birlikte map'i yeniden olu\u015ftur.\r\n\t\t}\r\n\r\n\r\n\r\n\t});\r\n<\/script>\r\n\r\n<script>\r\n\tconst $locationInputs = $('input[name=\"location\"]');\r\n\tif ($locationInputs.length > 1) {\r\n\t\t$locationInputs.not('[value=\"all\"]').first().prop('checked', true);\r\n\t} else {\r\n\t\t$('.shop-dine-post-filter').hide(); \/\/ veya ilgili container'\u0131 gizle\r\n\t}\r\n<\/script>\r\n\r\n<script>\r\n\t(function ($) {\r\n\r\n\t\tfunction initMap() {\r\n\r\n\t\t\tvar markers = [\r\n\t\t\t\t\t\t\t\t\t\t\t\t\t\t\t\t\t\t\t\t\t\t{\r\n\t\t\t\t\t\t\t\tposition: {\r\n\t\t\t\t\t\t\t\t\tlat: 41.360232964154,\r\n\t\t\t\t\t\t\t\t\tlng: 2.1801443258196\t\t\t\t\t\t\t\t},\r\n\t\t\t\t\t\t\t\ttitle: \"Duty Free\",\r\n\t\t\t\t\t\t\t\ticon: {\r\n\t\t\t\t\t\t\t\t\turl: \"https:\/\/bcncruiseport.com\/wp-content\/uploads\/sites\/46\/2025\/10\/bnc-map-icon.png\",\r\n\t\t\t\t\t\t\t\t\tscaledSize: new google.maps.Size(30, 30),\r\n\t\t\t\t\t\t\t\t\tanchor: new google.maps.Point(15, 15)\r\n\t\t\t\t\t\t\t\t},\r\n\t\t\t\t\t\t\t\tcontent: \"<div class='custom-info-window'><h3>Duty Free<\/h3><\/div>\",\r\n\t\t\t\t\t\t\t\tpostId: 7454\t\t\t\t\t\t\t},\r\n\t\t\t\t\t\t\t\t\t\t\t\t\t\t\t\t\t\t\t\t\t\t\t\t\t{\r\n\t\t\t\t\t\t\t\tposition: {\r\n\t\t\t\t\t\t\t\t\tlat: 41.362666140543,\r\n\t\t\t\t\t\t\t\t\tlng: 2.1816658151684\t\t\t\t\t\t\t\t},\r\n\t\t\t\t\t\t\t\ttitle: \"Duty Free\",\r\n\t\t\t\t\t\t\t\ticon: {\r\n\t\t\t\t\t\t\t\t\turl: \"https:\/\/bcncruiseport.com\/wp-content\/uploads\/sites\/46\/2025\/10\/bnc-map-icon.png\",\r\n\t\t\t\t\t\t\t\t\tscaledSize: new google.maps.Size(30, 30),\r\n\t\t\t\t\t\t\t\t\tanchor: new google.maps.Point(15, 15)\r\n\t\t\t\t\t\t\t\t},\r\n\t\t\t\t\t\t\t\tcontent: \"<div class='custom-info-window'><h3>Duty Free<\/h3><\/div>\",\r\n\t\t\t\t\t\t\t\tpostId: 7453\t\t\t\t\t\t\t},\r\n\t\t\t\t\t\t\t\t\t\t];\r\n\r\n\t\t\t\/\/ Harita\r\n\t\t\tvar map = new google.maps.Map(document.getElementById('map'), {\r\n\t\t\t\tzoom: 12,\r\n\t\t\t\tcenter: { lat: 40.7128, lng: -74.0060 },\r\n\t\t\t\tmapTypeControl: false,\r\n\t\t\t\tstreetViewControl: false,\r\n\t\t\t\tfullscreenControl: false\r\n\t\t\t});\r\n\r\n\t\t\tvar bounds = new google.maps.LatLngBounds();\r\n\t\t\tvar infoWindow = new google.maps.InfoWindow();\r\n\r\n\t\t\t\/\/ \u2705 Marker'lar TEK SEFER olu\u015fturulur\r\n\t\t\tmarkers.forEach(markerInfo => {\r\n\r\n\t\t\t\tvar marker = new google.maps.Marker({\r\n\t\t\t\t\tposition: markerInfo.position,\r\n\t\t\t\t\tmap: map,\r\n\t\t\t\t\ttitle: markerInfo.title,\r\n\t\t\t\t\ticon: markerInfo.icon\r\n\t\t\t\t});\r\n\r\n\t\t\t\tbounds.extend(marker.getPosition());\r\n\r\n\t\t\t\tmarker.addListener('click', function () {\r\n\r\n\t\t\t\t\t\/\/ InfoWindow\r\n\t\t\t\t\tinfoWindow.setContent(markerInfo.content);\r\n\t\t\t\t\tinfoWindow.open(map, marker);\r\n\r\n\t\t\t\t\t\/\/ Listeyi yukar\u0131 ta\u015f\u0131\r\n\t\t\t\t\tvar targetElement = $('#posts-map-view #pID-' + markerInfo.postId);\r\n\t\t\t\t\tif (targetElement.length) {\r\n\t\t\t\t\t\ttargetElement.parent().prepend(targetElement);\r\n\t\t\t\t\t}\r\n\t\t\t\t});\r\n\t\t\t});\r\n\r\n\t\t\t\/\/ Zoom & center\r\n\t\t\tif (markers.length === 1) {\r\n\t\t\t\tmap.setCenter(markers[0].position);\r\n\t\t\t\tmap.setZoom(15);\r\n\t\t\t} else if (markers.length > 1) {\r\n\t\t\t\tmap.fitBounds(bounds);\r\n\t\t\t}\r\n\t\t}\r\n\r\n\t\t$(document).ready(function () {\r\n\t\t\tinitMap();\r\n\t\t});\r\n\r\n\t})(jQuery);\r\n<\/script>\r\n\r\n\r\n\r\n<style>\r\n\t.shop-dine-extra-filters {\r\n\t\tgap: 12px;\r\n\t\tmargin-bottom: 1.5rem;\r\n\t}\r\n\r\n\t.shop-dine-search-wrapper,\r\n\t.shop-dine-sort-wrapper {\r\n\t\tdisplay: flex;\r\n\t\talign-items: center;\r\n\t\tborder: 1px solid #e5e5e5;\r\n\t\tpadding: 1rem 2rem 1rem 1rem;\r\n\t\tborder-radius: 4px;\r\n\t\tbackground: #fff;\r\n\t\tposition: relative;\r\n\t\twidth: 16rem;\r\n\t}\r\n\r\n\t.shop-dine-search-wrapper input,\r\n\t.shop-dine-sort-wrapper select {\r\n\t\tborder: none;\r\n\t\toutline: none;\r\n\t\tpadding: 0 6px;\r\n\t\tfont-size: 14px;\r\n\t}\r\n\r\n\t.shop-dine-search-wrapper .search-btn,\r\n\t.shop-dine-sort-wrapper .sort-btn {\r\n\t\tposition: absolute;\r\n\t\tright: 1rem;\r\n\t\twidth: 2rem;\r\n\t\theight: 2rem;\r\n\t\tborder-radius: 100%;\r\n\t\tborder: 0;\r\n\t\toutline: none;\r\n\t\tbox-shadow: none;\r\n\t\tcursor: pointer;\r\n\t\tbackground-color: #d99f12;\r\n\t}\r\n\r\n\t.shop-dine-extra-filters .search-btn img,\r\n\t.shop-dine-extra-filters .sort-btn img {\r\n\t\twidth: 1rem;\r\n\t}\r\n<\/style>\r\n\r\n\r\n<script\r\n\tsrc=\"https:\/\/maps.googleapis.com\/maps\/api\/js?key=AIzaSyAiy3-Ce7Evc5Jf0Kmi9ao8kE4I8tGL1xs&#038;callback=initMap\"><\/script>\n\n\r\n\r\n\t<section class=\"section section-content-title section-destinations-others-slider-row footer-space-mr \">\r\n\t\t<div class=\"container\">\r\n\t\t\t<div class=\"row flex align-i-center\">\r\n\t\t\t\t<div class=\"cl-5\">\r\n\t\t\t\t\t\t\t\t\t\t\t<h3>M\u00c1S POR DESCUBRIR<\/h3>\r\n\t\t\t\t\t\t\t\t\t\t<h2>\r\n\t\t\t\t\t\tTu gu\u00eda local \t\t\t\t\t\t<br>\r\n\t\t\t\t\t\t<span class=\"primary-color\">Consejos especiales<\/span>\r\n\t\t\t\t\t<\/h2>\r\n\t\t\t\t<\/div>\r\n\t\t\t\t<div class=\"cl-7\">\r\n\t\t\t\t\t<p class=\"grey-color\">Deja que tu gu\u00eda local te lleve a emocionantes excursiones cortas, desde lugares de inter\u00e9s cultural hasta atracciones \u00fanicas y vistas impresionantes. Descubre experiencias que te dejar\u00e1n recuerdos para toda la vida.<\/p>\r\n\t\t\t\t<\/div>\r\n\t\t\t<\/div>\r\n\t\t\t<div class=\"row flex align-i-center destination-other-posts-wrapper\">\r\n\t\t\t\t\r\n\t\t\t\t\t\t\t\t\t\t\t\t<div class=\"cl-4\" id=\"pID-8587\">\r\n\t\t\t\t\t\t\t<div class=\"item\">\r\n\t\t\t\t\t\t\t\t<div class=\"post-destinations-listing-image\">\r\n\t\t\t\t\t\t\t\t\t<img decoding=\"async\" src=\"https:\/\/bcncruiseport.com\/wp-content\/uploads\/sites\/46\/2025\/07\/carretera-1-1.png\" alt=\"\" class=\"w100\" \/>\r\n\t\t\t\t\t\t\t\t\t\t\t\t\t\t\t\t\t<\/div>\r\n\t\t\t\t\t\t\t\t<div class=\"post-destinations-title\">\r\n\t\t\t\t\t\t\t\t\tGood Born-ing de Richard Wolf, desde Berlin\t\t\t\t\t\t\t\t<\/div>\r\n\t\t\t\t\t\t\t\t<div class=\"post-destinations-learn-more\">\r\n\t\t\t\t\t\t\t\t\t<a href=\"https:\/\/bcncruiseport.com\/es\/consejos-especiales\/good-born-ing-de-richard-wolf-desde-berlin\/\" class=\"cta primary-color\">\r\n\t\t\t\t\t\t\t\t\t\tM\u00c1S INFORMACI\u00d3N\t\t\t\t\t\t\t\t\t\t<svg xmlns=\"http:\/\/www.w3.org\/2000\/svg\" width=\"12.828\" height=\"12.829\" viewBox=\"0 0 12.828 12.829\">\r\n\t\t\t\t\t\t\t\t\t\t\t<g id=\"Icon_feather-arrow-up-right\" data-name=\"Icon feather-arrow-up-right\" transform=\"translate(-9.086 -9.086)\">\r\n\t\t\t\t\t\t\t\t\t\t\t\t<path id=\"Path_3\" data-name=\"Path 3\" d=\"M10.5,20.5l10-10\" fill=\"none\" class=\"primary-stroke\" stroke-linecap=\"round\" stroke-linejoin=\"round\" stroke-width=\"2\"><\/path>\r\n\t\t\t\t\t\t\t\t\t\t\t\t<path id=\"Path_4\" data-name=\"Path 4\" d=\"M10.5,10.5h10v10\" fill=\"none\" class=\"primary-stroke\" stroke-linecap=\"round\" stroke-linejoin=\"round\" stroke-width=\"2\"><\/path>\r\n\t\t\t\t\t\t\t\t\t\t\t<\/g>\r\n\t\t\t\t\t\t\t\t\t\t<\/svg>\r\n\t\t\t\t\t\t\t\t\t<\/a>\r\n\t\t\t\t\t\t\t\t<\/div>\r\n\t\t\t\t\t\t\t<\/div>\r\n\t\t\t\t\t\t<\/div>\r\n\r\n\t\t\t\t\r\n\t\t\t<\/div>\r\n\t\t<\/div>\r\n\t<\/section>\r\n\n\n\n<p><\/p>\n","protected":false},"excerpt":{"rendered":"","protected":false},"author":1,"featured_media":0,"parent":6372,"menu_order":62,"comment_status":"closed","ping_status":"closed","template":"","meta":{"_acf_changed":false,"footnotes":""},"class_list":["post-6374","page","type-page","status-publish","hentry"],"acf":[],"_links":{"self":[{"href":"https:\/\/bcncruiseport.com\/es\/wp-json\/wp\/v2\/pages\/6374","targetHints":{"allow":["GET"]}}],"collection":[{"href":"https:\/\/bcncruiseport.com\/es\/wp-json\/wp\/v2\/pages"}],"about":[{"href":"https:\/\/bcncruiseport.com\/es\/wp-json\/wp\/v2\/types\/page"}],"author":[{"embeddable":true,"href":"https:\/\/bcncruiseport.com\/es\/wp-json\/wp\/v2\/users\/1"}],"replies":[{"embeddable":true,"href":"https:\/\/bcncruiseport.com\/es\/wp-json\/wp\/v2\/comments?post=6374"}],"version-history":[{"count":10,"href":"https:\/\/bcncruiseport.com\/es\/wp-json\/wp\/v2\/pages\/6374\/revisions"}],"predecessor-version":[{"id":11404,"href":"https:\/\/bcncruiseport.com\/es\/wp-json\/wp\/v2\/pages\/6374\/revisions\/11404"}],"up":[{"embeddable":true,"href":"https:\/\/bcncruiseport.com\/es\/wp-json\/wp\/v2\/pages\/6372"}],"wp:attachment":[{"href":"https:\/\/bcncruiseport.com\/es\/wp-json\/wp\/v2\/media?parent=6374"}],"curies":[{"name":"wp","href":"https:\/\/api.w.org\/{rel}","templated":true}]}}