{"id":6364,"date":"2024-02-12T08:52:13","date_gmt":"2024-02-12T08:52:13","guid":{"rendered":"https:\/\/bcn.globalcruiseports.com\/cookies\/"},"modified":"2025-10-08T14:58:05","modified_gmt":"2025-10-08T14:58:05","slug":"politica-de-cookies","status":"publish","type":"page","link":"https:\/\/bcncruiseport.com\/es\/politica-de-cookies\/","title":{"rendered":"Pol\u00edtica de cookies"},"content":{"rendered":"\r\n<section class=\"section page page-policy footer-space-mr \">\r\n\t<div class=\"container\">\r\n\t    <div class=\"row flex align-i-end\">\r\n        <div class=\"cl-5 page-header\">\r\n            <h5>POL\u00cdTICA DE COOKIES<\/h5>\r\n            <h1>\r\n                Pol\u00edtica de<br \/>\r\n                <span class=\"primary-color\">cookies<\/span>\r\n            <\/h1>\r\n        <\/div>\r\n        <div class=\"cl-7 page-description\">\r\n            Nosotros y nuestros socios colocamos cookies, accedemos y utilizamos informaci\u00f3n no confidencial de su dispositivo para mejorar nuestros servicios, mejorar la experiencia del usuario y personalizar el contenido y los anuncios en este sitio web. Puede aceptar todas o parte de estas operaciones. Para obtener informaci\u00f3n detallada sobre las cookies, nuestros socios y c\u00f3mo procesamos sus datos, consulte nuestro Aviso de privacidad.        <\/div>\r\n    <\/div>\r\n\t\t<div class=\"row flex page-sub-menu\">\r\n\t\t\t<div class=\"cl-12\">\r\n\t\t\t\t<ul class=\"flex align-i-center justify-c-center\">\r\n\t\t\t\t\t<li id=\"menu-item-7376\" class=\"menu-item menu-item-type-post_type menu-item-object-page menu-item-7376\"><a href=\"https:\/\/bcncruiseport.com\/es\/politica-de-privacidad\/\">Pol\u00edtica de Privacidad<\/a><\/li>\n<li id=\"menu-item-7377\" class=\"menu-item menu-item-type-post_type menu-item-object-page menu-item-7377\"><a href=\"https:\/\/bcncruiseport.com\/es\/condiciones-de-uso\/\">Condiciones de Uso<\/a><\/li>\n<li id=\"menu-item-8518\" class=\"menu-item menu-item-type-post_type menu-item-object-page menu-item-8518\"><a href=\"https:\/\/bcncruiseport.com\/es\/informacion-legal\/\">Informaci\u00f3n Legal<\/a><\/li>\n<li id=\"menu-item-8517\" class=\"menu-item menu-item-type-post_type menu-item-object-page menu-item-8517\"><a href=\"https:\/\/bcncruiseport.com\/es\/politica-de-cookies\/\">Pol\u00edtica de cookies<\/a><\/li>\n\t\t\t\t<\/ul>\r\n\t\t\t<\/div>\r\n\t\t<\/div>\r\n\t\t<div class=\"row flex page-content justify-c-center\">\r\n\t\t\t<div class=\"cl-10 text-justify\">\r\n\t\t\t\t<b>Bienvenido a la Pol\u00edtica de cookies de GPH<\/b>\r\n\r\n<span style=\"font-weight: 400;\">Nosotros y nuestros socios colocamos cookies, accedemos y utilizamos informaci\u00f3n no confidencial de su dispositivo para mejorar nuestros servicios, mejorar la experiencia del usuario y personalizar el contenido y los anuncios en este sitio web. Puede aceptar todas o parte de estas operaciones. Para obtener informaci\u00f3n detallada sobre las cookies, nuestros socios y c\u00f3mo procesamos sus datos, consulte nuestro Aviso de privacidad.<\/span>\r\n\r\n<span style=\"font-weight: 400;\">Las cookies son peque\u00f1os archivos de texto que los sitios web env\u00edan a su ordenador o dispositivo m\u00f3vil, que luego se almacenan y utilizan durante visitas posteriores. Estas cookies permiten que el sitio web recuerde sus preferencias y acciones (como datos de inicio de sesi\u00f3n, configuraci\u00f3n de idioma, tama\u00f1os de fuente y otras preferencias de visualizaci\u00f3n) para que no tenga que volver a introducirlos cada vez que visite el sitio.<\/span>\r\n\r\n<span style=\"font-weight: 400;\">Las cookies tienen diversos fines, entre los que se incluyen la autenticaci\u00f3n electr\u00f3nica, la gesti\u00f3n de sesiones y el almacenamiento de informaci\u00f3n sobre sus actividades en el sitio web. Tambi\u00e9n pueden contener un identificador \u00fanico que rastrea su comportamiento de navegaci\u00f3n con fines estad\u00edsticos o publicitarios. Adem\u00e1s, mientras navega, es posible que reciba cookies de sitios web o servidores de terceros que no est\u00e1n directamente relacionados con el sitio que est\u00e1 visitando.<\/span>\r\n\r\n<span style=\"font-weight: 400;\">Existen diferentes tipos de cookies en funci\u00f3n de sus caracter\u00edsticas y funciones, y pueden permanecer en su dispositivo durante per\u00edodos de tiempo variables. Las \"cookies de sesi\u00f3n\" son temporales y se eliminan cuando cierra el navegador, mientras que las \"cookies persistentes\" permanecen en su dispositivo hasta que caducan o se eliminan manualmente.<\/span>\r\n\r\n<span style=\"font-weight: 400;\">Dependiendo de la legislaci\u00f3n aplicable, es posible que no siempre se requiera su consentimiento para que se utilicen cookies en un sitio web. Por ejemplo, las \"cookies t\u00e9cnicas\", que son necesarias para la comunicaci\u00f3n electr\u00f3nica o para proporcionar un servicio que usted ha solicitado, no suelen requerir consentimiento. Esto incluye las cookies de navegaci\u00f3n o de sesi\u00f3n que permiten a los usuarios iniciar sesi\u00f3n y las cookies de funcionalidad que recuerdan las elecciones del usuario, como la configuraci\u00f3n del idioma o los art\u00edculos seleccionados para su compra.<\/span>\r\n\r\n<span style=\"font-weight: 400;\">Por el contrario, las \"cookies de perfil\", que se utilizan para crear perfiles de usuario y enviar publicidad dirigida basada en el comportamiento de navegaci\u00f3n, suelen requerir el consentimiento expl\u00edcito del usuario, aunque esto puede variar seg\u00fan la jurisdicci\u00f3n.<\/span>\r\n\r\n<span style=\"font-weight: 400;\">Nuestro sitio web utiliza los siguientes tipos de cookies:<\/span>\r\n<ul>\r\n \t<li style=\"font-weight: 400;\" aria-level=\"1\"><span style=\"font-weight: 400;\">Cookies t\u00e9cnicas: esenciales para el funcionamiento del sitio web y para permitirle acceder a su contenido y servicios.<\/span><\/li>\r\n \t<li style=\"font-weight: 400;\" aria-level=\"1\"><span style=\"font-weight: 400;\">Cookies anal\u00edticas: nos ayudan a comprender c\u00f3mo interact\u00faan los usuarios con el sitio web y a supervisar el tr\u00e1fico hacia y desde el sitio.<\/span><\/li>\r\n \t<li style=\"font-weight: 400;\" aria-level=\"1\"><span style=\"font-weight: 400;\">Cookies de marketing\/perfilado: se utilizan para enviar anuncios personalizados y crear perfiles de usuario basados en las preferencias de navegaci\u00f3n.<\/span><\/li>\r\n<\/ul>\r\n<span style=\"font-weight: 400;\">Adem\u00e1s de las cookies, tambi\u00e9n utilizamos \"p\u00edxeles\", peque\u00f1os fragmentos de c\u00f3digo incrustados en el sitio web. Los p\u00edxeles nos permiten a nosotros y a terceros realizar un seguimiento del comportamiento de los usuarios y recopilar informaci\u00f3n sobre c\u00f3mo interact\u00faan con nuestro sitio web. Pueden supervisar acciones como las visitas a las p\u00e1ginas y los clics, a menudo con fines de publicidad personalizada y an\u00e1lisis del sitio web.<\/span>\r\n\r\n&nbsp;\t\t\t<\/div>\r\n\t\t<\/div>\r\n\t<\/div>\r\n<\/section>","protected":false},"excerpt":{"rendered":"","protected":false},"author":1,"featured_media":0,"parent":0,"menu_order":14,"comment_status":"closed","ping_status":"closed","template":"","meta":{"_acf_changed":false,"footnotes":""},"class_list":["post-6364","page","type-page","status-publish","hentry"],"acf":[],"_links":{"self":[{"href":"https:\/\/bcncruiseport.com\/es\/wp-json\/wp\/v2\/pages\/6364","targetHints":{"allow":["GET"]}}],"collection":[{"href":"https:\/\/bcncruiseport.com\/es\/wp-json\/wp\/v2\/pages"}],"about":[{"href":"https:\/\/bcncruiseport.com\/es\/wp-json\/wp\/v2\/types\/page"}],"author":[{"embeddable":true,"href":"https:\/\/bcncruiseport.com\/es\/wp-json\/wp\/v2\/users\/1"}],"replies":[{"embeddable":true,"href":"https:\/\/bcncruiseport.com\/es\/wp-json\/wp\/v2\/comments?post=6364"}],"version-history":[{"count":10,"href":"https:\/\/bcncruiseport.com\/es\/wp-json\/wp\/v2\/pages\/6364\/revisions"}],"predecessor-version":[{"id":9382,"href":"https:\/\/bcncruiseport.com\/es\/wp-json\/wp\/v2\/pages\/6364\/revisions\/9382"}],"wp:attachment":[{"href":"https:\/\/bcncruiseport.com\/es\/wp-json\/wp\/v2\/media?parent=6364"}],"curies":[{"name":"wp","href":"https:\/\/api.w.org\/{rel}","templated":true}]}}