{"id":6336,"date":"2024-02-25T22:28:14","date_gmt":"2024-02-25T22:28:14","guid":{"rendered":"https:\/\/bcn.globalcruiseports.com\/about\/career\/"},"modified":"2026-02-17T14:28:22","modified_gmt":"2026-02-17T14:28:22","slug":"carrera","status":"publish","type":"page","link":"https:\/\/bcncruiseport.com\/es\/acerca-de\/carrera\/","title":{"rendered":"Carrera"},"content":{"rendered":"\r\n\r\n\r\n<section class=\"section page page-bg-light  \">\r\n\t<style>\r\n                .page-header-bg {\r\n                    background-image: url(https:\/\/bcncruiseport.com\/wp-content\/uploads\/sites\/46\/2025\/04\/Group-165031.png);\r\n                    background-size: cover;\r\n                    background-position: center;\r\n                }\r\n\t\t\t\t.hero-content{\r\n\t\t\t\t    top: 50%;\r\n    \t\t\t\tposition: absolute;\r\n    \t\t\t\ttransform: translateY(-50%);\r\n\t\t\t\t}\r\n              <\/style><div class=\"page-header-bg pr\">\t<div class=\"container w100\">\r\n\t\t<div class=\"row flex hero-content\">\r\n\t\t\t<div class=\"cl-12 page-header\">\r\n\t\t\t\t\t\t\t\t<h5><a href=\"https:\/\/bcncruiseport.com\/es\/\/about\/\" class=\"color-white\">SOBRE NOSOTROS<\/a> > Carrera<\/h5>\r\n\t\t\t\t<h1>Carrera<\/h1>\r\n\t\t\t<\/div>\r\n\t\t<\/div>\r\n\t<\/div>\r\n\t<\/div>\r\n<\/section>\n\n<section class=\"section section-content-title page-bg-light\" id=\"page-bg-light\">\r\n\t<div class=\"container\">\r\n\t\t<div class=\"row flex align-i-center\">\r\n\t\t\t<div class=\"cl-5\">\r\n\t\t\t\t\t\t\t\t<h2>\r\n\t\t\t\t\t\u00bfPreparados \t\t\t\t\t<br>\r\n\t\t\t\t\t<span class=\"primary-color\">para el futuro?<\/span>\r\n\t\t\t\t<\/h2>\r\n\t\t\t<\/div>\r\n\t\t\t<div class=\"cl-7\">\r\n\t\t\t\t<p class=\"grey-color\"><p class=\"p1\">\u00bfQuieres marcar la diferencia en el sector de los cruceros? Descubre nuestras gratificantes oportunidades profesionales y forma parte de nuestro din\u00e1mico y creciente equipo en el Puerto de Cruceros de Barcelona.<\/p><\/p>\r\n\t\t\t<\/div>\r\n\t\t<\/div>\r\n\t<\/div>\r\n<\/section>\r\n\n\n<section class=\"section section-content-image page-bg-light\" id=\"page-bg-light\">\r\n\t<div class=\"container\">\r\n\t\t<div class=\"row flex align-i-center  flex-row-reverse \">\r\n\t\t\t<div class=\"cl-6\">\r\n\t\t\t\t<img decoding=\"async\" src=\"https:\/\/bcncruiseport.com\/wp-content\/uploads\/sites\/46\/2025\/05\/image-20.png\" class=\"w100\" alt=\"\" \/>\r\n\t\t\t<\/div>\r\n\t\t\t<div class=\"cl-1\">\r\n\t\t\t\t\r\n\t\t\t<\/div>\r\n\t\t\t<div class=\"cl-5\">\r\n\t\t\t\t<h3>Un mar de oportunidades<\/h3>\r\n\t\t\t\t<p>\u00bfBuscas una carrera diferente? \u00a1\u00danete a nuestro equipo!<\/p>\n<p>Desde puestos de atenci\u00f3n al cliente hasta funciones administrativas, cada miembro del equipo desempe\u00f1a un papel importante en el \u00e9xito de nuestro negocio.<\/p>\n<p>&nbsp;<\/p>\n<p>Si est\u00e1s interesado en obtener m\u00e1s informaci\u00f3n sobre las oportunidades disponibles en el Puerto de Cruceros de Barcelona y en el sector de la gesti\u00f3n de puertos de cruceros, consulta nuestras vacantes y env\u00eda tu curr\u00edculum a <strong><a class=\"primary-color\" href=\"mailto:contact@bcncruiseport.com\" target=\"_blank\" rel=\"noopener\">contact@bcncruiseport.com<\/a><\/strong><\/p>\n\t\t\t\t\t\t\t<\/div>\r\n\t\t<\/div>\r\n\t<\/div>\r\n<\/section>\r\n\n\n<section class=\"section section-content-image page-bg-light\" id=\"page-bg-light\">\r\n\t<div class=\"container\">\r\n\t\t<div class=\"row flex align-i-center \">\r\n\t\t\t<div class=\"cl-6\">\r\n\t\t\t\t<img decoding=\"async\" src=\"https:\/\/bcncruiseport.com\/wp-content\/uploads\/sites\/46\/2025\/05\/kariyer.jpg\" class=\"w100\" alt=\"\" \/>\r\n\t\t\t<\/div>\r\n\t\t\t<div class=\"cl-1\">\r\n\t\t\t\t\r\n\t\t\t<\/div>\r\n\t\t\t<div class=\"cl-5\">\r\n\t\t\t\t<h3>Nuestra Cultura<\/h3>\r\n\t\t\t\t<p>Formar parte del equipo de BCP significa unirse a una comunidad de personas apasionadas que se enorgullecen de ofrecer un servicio excelente y crear experiencias memorables para nuestros hu\u00e9spedes.<\/p>\n<p>&nbsp;<\/p>\n<p>Creemos en el respeto, la colaboraci\u00f3n constante y la celebraci\u00f3n de nuestros \u00e9xitos colectivos. \u00a1Una victoria para cualquier miembro del equipo es una victoria para todo el equipo! Nos orientamos a los resultados y nos esforzamos por alcanzar el \u00e9xito en nombre de nuestros hu\u00e9spedes, compa\u00f1eros, socios, inversores y otras partes interesadas, trabajando cada d\u00eda para alcanzar nuestros objetivos comunes.<\/p>\n\t\t\t\t\t\t\t<\/div>\r\n\t\t<\/div>\r\n\t<\/div>\r\n<\/section>\r\n\n\n<section class=\"section section-content-image page-bg-light last\" id=\"page-bg-light last\">\r\n\t<div class=\"container\">\r\n\t\t<div class=\"row flex align-i-center  flex-row-reverse \">\r\n\t\t\t<div class=\"cl-6\">\r\n\t\t\t\t<img decoding=\"async\" src=\"https:\/\/bcncruiseport.com\/wp-content\/uploads\/sites\/46\/2025\/05\/Expertise.jpg\" class=\"w100\" alt=\"\" \/>\r\n\t\t\t<\/div>\r\n\t\t\t<div class=\"cl-1\">\r\n\t\t\t\t\r\n\t\t\t<\/div>\r\n\t\t\t<div class=\"cl-5\">\r\n\t\t\t\t<h3>Experiencia global, impacto local<\/h3>\r\n\t\t\t\t<p class=\"p1\">Como parte de la familia Global Ports Holding, Barcelona Cruise Port adopta un enfoque \"gloca\". Con m\u00e1s de 900 empleados de m\u00e1s de 20 pa\u00edses en el equipo de GPH, combinamos el alcance global con la experiencia local para ofrecer servicios excepcionales y conexiones significativas. \u00danase a nosotros en un entorno din\u00e1mico en el que sus contribuciones marcar\u00e1n la diferencia tanto a nivel global como local.<\/p>\n\t\t\t\t\t\t\t<\/div>\r\n\t\t<\/div>\r\n\t<\/div>\r\n<\/section>\r\n\n\n\r\n<style>\r\n\t.section-career .page-header-bg {\r\n\t\tbackground-image: url(4027);\r\n\t}\r\n<\/style>\r\n\r\n\t\r\n<\/section>\r\n\r\n<div class=\"modal-wrapper hide\">\r\n\t<div class=\"container\">\r\n\t\t<div class=\"row flex align-i-center justify-c-center\">\r\n\t\t\t<div class=\"cl-10\">\r\n\t\t\t\t<div class=\"dark-form-wrapper modal-form-wrapper\">\r\n\t\t\t\t\t<div class=\"modal-close\">\r\n\t\t\t\t\t\t<span><\/span>\r\n\t\t\t\t\t\t<span><\/span>\r\n\t\t\t\t\t<\/div>\r\n\t\t\t\t\t<p class=\"wpcf7-contact-form-not-found\"><strong>Error:<\/strong> Formulario de contacto no encontrado.<\/p>\t\t\t\t<\/div>\r\n\t\t\t<\/div>\r\n\t\t<\/div>\r\n\t<\/div>\r\n<\/div>\r\n\r\n<script>\r\n\tdocument.addEventListener('DOMContentLoaded', function() {\r\n\t\tconst openModalSpans = document.querySelectorAll('.career-apply-form');\r\n\t\tconst ModalWrapper = document.querySelector('.modal-wrapper');\r\n\t\tconst formPositionInput = document.getElementById('form-position');\r\n\t\tconst modalCloseButton = document.querySelector('.modal-close');\r\n\r\n\t\t\/\/ Function to open the modal\r\n\t\tfunction openModal(positionValue) {\r\n\t\t\tformPositionInput.value = positionValue;\r\n\t\t\tModalWrapper.classList.remove('hide');\r\n\t\t}\r\n\r\n\t\t\/\/ Function to close the modal\r\n\t\tfunction closeModal() {\r\n\t\t\tModalWrapper.classList.add('hide');\r\n\t\t}\r\n\r\n\t\t\/\/ Event listeners for each career-apply-form span\r\n\t\topenModalSpans.forEach(function(span) {\r\n\t\t\tspan.addEventListener('click', function(event) {\r\n\t\t\t\tconst positionValue = span.getAttribute('data-position');\r\n\t\t\t\topenModal(positionValue);\r\n\t\t\t});\r\n\t\t});\r\n\r\n\t\t\/\/ Event listener for the modal close button\r\n\t\tif (modalCloseButton) {\r\n\t\t\tmodalCloseButton.addEventListener('click', function() {\r\n\t\t\t\tcloseModal(); \/\/ Close the modal when modal-close button is clicked\r\n\t\t\t});\r\n\t\t}\r\n\r\n\t\t\/\/ Event listener to close modal when clicking outside the modal\r\n\t\tdocument.addEventListener('click', function(event) {\r\n\t\t\tif (!ModalWrapper.contains(event.target) && event.target !== modalCloseButton && !isModalOpen()) {\r\n\t\t\t\tcloseModal(); \/\/ Close modal if click is outside the modal and not on modal-close button\r\n\t\t\t}\r\n\t\t});\r\n\r\n\t\t\/\/ Function to check if modal is currently open\r\n\t\tfunction isModalOpen() {\r\n\t\t\treturn !ModalWrapper.classList.contains('hide');\r\n\t\t}\r\n\t});\r\n<\/script>\n\n","protected":false},"excerpt":{"rendered":"","protected":false},"author":1,"featured_media":0,"parent":6299,"menu_order":10,"comment_status":"closed","ping_status":"closed","template":"","meta":{"_acf_changed":false,"footnotes":""},"class_list":["post-6336","page","type-page","status-publish","hentry"],"acf":[],"_links":{"self":[{"href":"https:\/\/bcncruiseport.com\/es\/wp-json\/wp\/v2\/pages\/6336","targetHints":{"allow":["GET"]}}],"collection":[{"href":"https:\/\/bcncruiseport.com\/es\/wp-json\/wp\/v2\/pages"}],"about":[{"href":"https:\/\/bcncruiseport.com\/es\/wp-json\/wp\/v2\/types\/page"}],"author":[{"embeddable":true,"href":"https:\/\/bcncruiseport.com\/es\/wp-json\/wp\/v2\/users\/1"}],"replies":[{"embeddable":true,"href":"https:\/\/bcncruiseport.com\/es\/wp-json\/wp\/v2\/comments?post=6336"}],"version-history":[{"count":16,"href":"https:\/\/bcncruiseport.com\/es\/wp-json\/wp\/v2\/pages\/6336\/revisions"}],"predecessor-version":[{"id":11389,"href":"https:\/\/bcncruiseport.com\/es\/wp-json\/wp\/v2\/pages\/6336\/revisions\/11389"}],"up":[{"embeddable":true,"href":"https:\/\/bcncruiseport.com\/es\/wp-json\/wp\/v2\/pages\/6299"}],"wp:attachment":[{"href":"https:\/\/bcncruiseport.com\/es\/wp-json\/wp\/v2\/media?parent=6336"}],"curies":[{"name":"wp","href":"https:\/\/api.w.org\/{rel}","templated":true}]}}